{"id":82,"date":"2023-04-07T23:46:09","date_gmt":"2023-04-07T23:46:09","guid":{"rendered":"https:\/\/indestec.net\/oems\/"},"modified":"2024-02-09T20:00:19","modified_gmt":"2024-02-09T20:00:19","slug":"oems","status":"publish","type":"page","link":"https:\/\/indestec.net\/es_mx\/oems\/","title":{"rendered":"OEM`s"},"content":{"rendered":"<div data-elementor-type=\"wp-page\" data-elementor-id=\"82\" class=\"elementor elementor-82\" data-elementor-post-type=\"page\">\n\t\t\t\t\t\t<section class=\"elementor-section elementor-top-section elementor-element elementor-element-44ad3b8d elementor-section-full_width elementor-section-height-default elementor-section-height-default\" data-id=\"44ad3b8d\" data-element_type=\"section\" data-settings=\"{&quot;background_background&quot;:&quot;classic&quot;}\">\n\t\t\t\t\t\t<div class=\"elementor-container elementor-column-gap-no\">\n\t\t\t\t\t<div class=\"elementor-column elementor-col-100 elementor-top-column elementor-element elementor-element-306c5969\" data-id=\"306c5969\" data-element_type=\"column\">\n\t\t\t<div class=\"elementor-widget-wrap elementor-element-populated\">\n\t\t\t\t\t\t<div class=\"elementor-element elementor-element-45fe6790 elementor-widget elementor-widget-heading\" data-id=\"45fe6790\" data-element_type=\"widget\" data-widget_type=\"heading.default\">\n\t\t\t\t<div class=\"elementor-widget-container\">\n\t\t\t\t\t<h2 class=\"elementor-heading-title elementor-size-default\">OEM\u00b4s<\/h2>\t\t\t\t<\/div>\n\t\t\t\t<\/div>\n\t\t\t\t<div class=\"elementor-element elementor-element-426530cd elementor-widget elementor-widget-heading\" data-id=\"426530cd\" data-element_type=\"widget\" data-widget_type=\"heading.default\">\n\t\t\t\t<div class=\"elementor-widget-container\">\n\t\t\t\t\t<style>.elementor-element-426530cd{display:none !important}<\/style>\t\t\t\t<\/div>\n\t\t\t\t<\/div>\n\t\t\t\t<div class=\"elementor-element elementor-element-25c4d4e6 elementor-widget elementor-widget-heading\" data-id=\"25c4d4e6\" data-element_type=\"widget\" data-no-translation=\"\" data-widget_type=\"heading.default\">\n\t\t\t\t<div class=\"elementor-widget-container\">\n\t\t\t\t\t<h2 class=\"elementor-heading-title elementor-size-default\">Colaboramos con fabricantes de maquinaria para crear soluciones innovadoras<\/h2>\t\t\t\t<\/div>\n\t\t\t\t<\/div>\n\t\t\t\t<div class=\"elementor-element elementor-element-6017799b elementor-absolute elementor-widget elementor-widget-heading\" data-id=\"6017799b\" data-element_type=\"widget\" data-settings=\"{&quot;_position&quot;:&quot;absolute&quot;}\" data-widget_type=\"heading.default\">\n\t\t\t\t<div class=\"elementor-widget-container\">\n\t\t\t\t\t<span class=\"elementor-heading-title elementor-size-default\">OEM\u00b4s<\/span>\t\t\t\t<\/div>\n\t\t\t\t<\/div>\n\t\t\t\t<div class=\"elementor-element elementor-element-2151db63 elementor-widget elementor-widget-text-editor\" data-id=\"2151db63\" data-element_type=\"widget\" data-widget_type=\"text-editor.default\">\n\t\t\t\t<div class=\"elementor-widget-container\">\n\t\t\t\t\t<style>.elementor-element-2151db63{display:none !important}<\/style>\t\t\t\t<\/div>\n\t\t\t\t<\/div>\n\t\t\t\t<div class=\"elementor-element elementor-element-76d54061 elementor-widget elementor-widget-text-editor\" data-id=\"76d54061\" data-element_type=\"widget\" data-no-translation=\"\" data-widget_type=\"text-editor.default\">\n\t\t\t\t<div class=\"elementor-widget-container\">\n\t\t\t\t\t\t\t\t\t<p>Incorpore equipos <b>INDESTEC<\/b> como piezas claves del dise\u00f1o de tu maquinaria, obteniendo la confianza de contar con la tecnolog\u00eda y eficiencia \u00f3ptimas para satisfacer las necesidades de tu cliente.<\/p>\t\t\t\t\t\t\t\t<\/div>\n\t\t\t\t<\/div>\n\t\t\t\t<div class=\"elementor-element elementor-element-37f452a0 elementor-widget elementor-widget-heading\" data-id=\"37f452a0\" data-element_type=\"widget\" data-widget_type=\"heading.default\">\n\t\t\t\t<div class=\"elementor-widget-container\">\n\t\t\t\t\t<style>.elementor-element-37f452a0{display:none !important}<\/style>\t\t\t\t<\/div>\n\t\t\t\t<\/div>\n\t\t\t\t<div class=\"elementor-element elementor-element-5b3dc0ac elementor-widget elementor-widget-heading\" data-id=\"5b3dc0ac\" data-element_type=\"widget\" data-no-translation=\"\" data-widget_type=\"heading.default\">\n\t\t\t\t<div class=\"elementor-widget-container\">\n\t\t\t\t\t<h2 class=\"elementor-heading-title elementor-size-default\">Beneficios de integrar equipos INDESTEC en tu maquinaria<\/h2>\t\t\t\t<\/div>\n\t\t\t\t<\/div>\n\t\t\t\t\t<\/div>\n\t\t<\/div>\n\t\t\t\t\t<\/div>\n\t\t<\/section>\n\t\t\t\t<section class=\"elementor-section elementor-top-section elementor-element elementor-element-7d36bcbe elementor-section-boxed elementor-section-height-default elementor-section-height-default\" data-id=\"7d36bcbe\" data-element_type=\"section\" data-settings=\"{&quot;background_background&quot;:&quot;classic&quot;}\">\n\t\t\t\t\t\t<div class=\"elementor-container elementor-column-gap-default\">\n\t\t\t\t\t<div class=\"elementor-column elementor-col-100 elementor-top-column elementor-element elementor-element-1f15dda\" data-id=\"1f15dda\" data-element_type=\"column\">\n\t\t\t<div class=\"elementor-widget-wrap elementor-element-populated\">\n\t\t\t\t\t\t<div class=\"elementor-element elementor-element-eb9aa4b elementor-widget elementor-widget-eael-image-accordion\" data-id=\"eb9aa4b\" data-element_type=\"widget\" data-widget_type=\"eael-image-accordion.default\">\n\t\t\t\t<div class=\"elementor-widget-container\">\n\t\t\t\t\t    <div class=\"eael-img-accordion accordion-direction-horizontal eael-img-accordion-horizontal-align-center eael-img-accordion-vertical-align-center\" id=\"eael-img-accordion-eb9aa4b\" data-img-accordion-id=\"eb9aa4b\" data-img-accordion-type=\"on-hover\">\n                    \n            <div class=\"eael-image-accordion-hover eael-image-accordion-item\" style=\"background-image: url(https:\/\/indestec.net\/wp-content\/uploads\/2023\/04\/d1e712_fbe272a5af7e40ec995cae039a913402.jpg);\"  tabindex=\"0\">\n                <div class=\"overlay\">\n                                        <div class=\"overlay-inner\">\n                        <h2 class=\"img-accordion-title\">Durabilidad<\/h2>                            <p><p style=\"text-align: left\">Garant\u00eda de durabilidad en la adquisici\u00f3n de Equipos:<\/p><p style=\"text-align: left\">-Materiales de alta calidad: Cada equipo est\u00e1 meticulosamente fabricado con materiales de la m\u00e1s alta calidad, garantizando as\u00ed su longevidad y fiabilidad.<\/p><p style=\"text-align: left\">-Altos Est\u00e1ndares de fabricaci\u00f3n: Nuestro proceso de fabricaci\u00f3n se rige por estrictos controles de calidad, asegurando la durabilidad y el \u00f3ptimo rendimiento de cada equipo.<\/p><p style=\"text-align: left\">-Resistencia excepcional: Dise\u00f1ados para soportar operaciones continuas y exigentes, nuestros equipos est\u00e1n construidos para resistir las demandas m\u00e1s rigurosas, asegurando una productividad ininterrumpida.<\/p><\/p>\n                                            <\/div>\n                <\/div>\n            <\/div>\n                    \n            <div class=\"eael-image-accordion-hover eael-image-accordion-item\" style=\"background-image: url(https:\/\/indestec.net\/wp-content\/uploads\/2023\/04\/shutterstock_108341441.jpg);\"  tabindex=\"0\">\n                <div class=\"overlay\">\n                                        <div class=\"overlay-inner\">\n                        <h2 class=\"img-accordion-title\">Fortalecimiento de marca<\/h2>                            <p><p><strong>Por la trayectoria y experiencia de la empresa<\/strong><\/p><p>Brindamos garant\u00eda y seguridad del equipo, por lo que no presentar\u00e1 defectos.<\/p><\/p>\n                                            <\/div>\n                <\/div>\n            <\/div>\n                    \n            <div class=\"eael-image-accordion-hover eael-image-accordion-item\" style=\"background-image: url(https:\/\/indestec.net\/wp-content\/uploads\/2023\/04\/60da5ca903011.jpg);\"  tabindex=\"0\">\n                <div class=\"overlay\">\n                                        <div class=\"overlay-inner\">\n                        <h2 class=\"img-accordion-title\">Disponibilidad<\/h2>                            <p><p><strong>Obt\u00e9n la seguridad de contar con equipos INDESTEC en todo momento<\/strong><\/p><p>INDESTEC dispone de un almac\u00e9n con stock suficiente para abastecer a sus socios comerciales cuando lo requieran.\u00a0<\/p><\/p>\n                                            <\/div>\n                <\/div>\n            <\/div>\n                    \n            <div class=\"eael-image-accordion-hover eael-image-accordion-item\" style=\"background-image: url(https:\/\/indestec.net\/wp-content\/uploads\/2023\/04\/9k-3-1.jpg);\"  tabindex=\"0\">\n                <div class=\"overlay\">\n                                        <div class=\"overlay-inner\">\n                        <h2 class=\"img-accordion-title\">Cadena de distribuci\u00f3n esbelta<\/h2>                            <p><div class=\"er6Kjc\"><div class=\"ptNLrf\"><div><div>Al implementarla con nuestros socios fabricantes de maquinaria, se obtiene un impacto en toda su cadena de suministro.<\/div><div>\u00a0<\/div><div>Beneficios:<\/div><\/div><\/div><\/div><div class=\"er6Kjc\"><div class=\"ptNLrf\"><div><div>Mejores tiempos de entrega.<\/div><\/div><\/div><\/div><div class=\"er6Kjc\"><div class=\"ptNLrf\"><div><div>Responder de manera \u00e1gil a los cambios en la demanda y a su mercado, manteni\u00e9ndose competitivos y maximizando sus ingresos.<\/div><\/div><\/div><\/div><\/p>\n                                            <\/div>\n                <\/div>\n            <\/div>\n                <\/div>\n        <style typr=\"text\/css\">\n                    #eael-img-accordion-eb9aa4b .eael-image-accordion-hover:hover {\n                        flex: 3 1 0% !important;\n                    }\n                    #eael-img-accordion-eb9aa4b .eael-image-accordion-hover:hover:hover .overlay-inner * {\n                        opacity: 1;\n                        visibility: visible;\n                        transform: none;\n                        transition: all .3s .3s;\n                    }\n                <\/style>\t\t\t\t<\/div>\n\t\t\t\t<\/div>\n\t\t\t\t\t<\/div>\n\t\t<\/div>\n\t\t\t\t\t<\/div>\n\t\t<\/section>\n\t\t\t\t<section class=\"elementor-section elementor-top-section elementor-element elementor-element-335fc748 elementor-section-boxed elementor-section-height-default elementor-section-height-default\" data-id=\"335fc748\" data-element_type=\"section\" data-settings=\"{&quot;background_background&quot;:&quot;classic&quot;}\">\n\t\t\t\t\t\t<div class=\"elementor-container elementor-column-gap-default\">\n\t\t\t\t\t<div class=\"elementor-column elementor-col-100 elementor-top-column elementor-element elementor-element-18062813\" data-id=\"18062813\" data-element_type=\"column\">\n\t\t\t<div class=\"elementor-widget-wrap elementor-element-populated\">\n\t\t\t\t\t\t<div class=\"elementor-element elementor-element-3be36543 elementor-widget elementor-widget-heading\" data-id=\"3be36543\" data-element_type=\"widget\" data-widget_type=\"heading.default\">\n\t\t\t\t<div class=\"elementor-widget-container\">\n\t\t\t\t\t<style>.elementor-element-3be36543{display:none !important}<\/style>\t\t\t\t<\/div>\n\t\t\t\t<\/div>\n\t\t\t\t<div class=\"elementor-element elementor-element-2a0cbe23 elementor-widget elementor-widget-heading\" data-id=\"2a0cbe23\" data-element_type=\"widget\" data-no-translation=\"\" data-widget_type=\"heading.default\">\n\t\t\t\t<div class=\"elementor-widget-container\">\n\t\t\t\t\t<h2 class=\"elementor-heading-title elementor-size-default\">Beneficios para tu empresa<\/h2>\t\t\t\t<\/div>\n\t\t\t\t<\/div>\n\t\t\t\t<div class=\"elementor-element elementor-element-42f6abca elementor-widget-divider--view-line elementor-widget elementor-widget-divider\" data-id=\"42f6abca\" data-element_type=\"widget\" data-widget_type=\"divider.default\">\n\t\t\t\t<div class=\"elementor-widget-container\">\n\t\t\t\t\t\t\t<div class=\"elementor-divider\">\n\t\t\t<span class=\"elementor-divider-separator\">\n\t\t\t\t\t\t<\/span>\n\t\t<\/div>\n\t\t\t\t\t\t<\/div>\n\t\t\t\t<\/div>\n\t\t\t\t\t<\/div>\n\t\t<\/div>\n\t\t\t\t\t<\/div>\n\t\t<\/section>\n\t\t\t\t<section class=\"elementor-section elementor-top-section elementor-element elementor-element-5e47d616 elementor-section-boxed elementor-section-height-default elementor-section-height-default\" data-id=\"5e47d616\" data-element_type=\"section\" data-settings=\"{&quot;background_background&quot;:&quot;classic&quot;}\">\n\t\t\t\t\t\t<div class=\"elementor-container elementor-column-gap-default\">\n\t\t\t\t\t<div class=\"elementor-column elementor-col-33 elementor-top-column elementor-element elementor-element-25b11641\" data-id=\"25b11641\" data-element_type=\"column\">\n\t\t\t<div class=\"elementor-widget-wrap elementor-element-populated\">\n\t\t\t\t\t\t<div class=\"elementor-element elementor-element-24d0ede9 elementor-widget elementor-widget-image\" data-id=\"24d0ede9\" data-element_type=\"widget\" data-no-translation=\"\" data-widget_type=\"image.default\">\n\t\t\t\t<div class=\"elementor-widget-container\">\n\t\t\t\t\t\t\t\t\t\t\t\t\t\t\t<img decoding=\"async\" width=\"229\" height=\"212\" src=\"https:\/\/indestec.net\/wp-content\/uploads\/2023\/04\/Annotation-2021-07-13-194849.jpg\" class=\"attachment-large size-large wp-image-85\" alt=\"\" \/>\t\t\t\t\t\t\t\t\t\t\t\t\t\t\t<\/div>\n\t\t\t\t<\/div>\n\t\t\t\t\t<\/div>\n\t\t<\/div>\n\t\t\t\t<div class=\"elementor-column elementor-col-33 elementor-top-column elementor-element elementor-element-187fd0cf\" data-id=\"187fd0cf\" data-element_type=\"column\">\n\t\t\t<div class=\"elementor-widget-wrap elementor-element-populated\">\n\t\t\t\t\t\t<div class=\"elementor-element elementor-element-5e01740a elementor-widget elementor-widget-image\" data-id=\"5e01740a\" data-element_type=\"widget\" data-no-translation=\"\" data-widget_type=\"image.default\">\n\t\t\t\t<div class=\"elementor-widget-container\">\n\t\t\t\t\t\t\t\t\t\t\t\t\t\t\t<img fetchpriority=\"high\" decoding=\"async\" width=\"240\" height=\"214\" src=\"https:\/\/indestec.net\/wp-content\/uploads\/2023\/04\/Annotation-2021-07-13-194907.jpg\" class=\"attachment-large size-large wp-image-86\" alt=\"\" \/>\t\t\t\t\t\t\t\t\t\t\t\t\t\t\t<\/div>\n\t\t\t\t<\/div>\n\t\t\t\t\t<\/div>\n\t\t<\/div>\n\t\t\t\t<div class=\"elementor-column elementor-col-33 elementor-top-column elementor-element elementor-element-8be6264\" data-id=\"8be6264\" data-element_type=\"column\">\n\t\t\t<div class=\"elementor-widget-wrap elementor-element-populated\">\n\t\t\t\t\t\t<div class=\"elementor-element elementor-element-4c9b7655 elementor-widget elementor-widget-image\" data-id=\"4c9b7655\" data-element_type=\"widget\" data-no-translation=\"\" data-widget_type=\"image.default\">\n\t\t\t\t<div class=\"elementor-widget-container\">\n\t\t\t\t\t\t\t\t\t\t\t\t\t\t\t<img decoding=\"async\" width=\"219\" height=\"215\" src=\"https:\/\/indestec.net\/wp-content\/uploads\/2023\/04\/Annotation-2021-07-13-194931.jpg\" class=\"attachment-large size-large wp-image-87\" alt=\"\" \/>\t\t\t\t\t\t\t\t\t\t\t\t\t\t\t<\/div>\n\t\t\t\t<\/div>\n\t\t\t\t\t<\/div>\n\t\t<\/div>\n\t\t\t\t\t<\/div>\n\t\t<\/section>\n\t\t\t\t<section class=\"elementor-section elementor-top-section elementor-element elementor-element-506e4ed0 elementor-section-boxed elementor-section-height-default elementor-section-height-default\" data-id=\"506e4ed0\" data-element_type=\"section\" data-settings=\"{&quot;background_background&quot;:&quot;classic&quot;}\">\n\t\t\t\t\t\t\t<div class=\"elementor-background-overlay\"><\/div>\n\t\t\t\t\t\t\t<div class=\"elementor-container elementor-column-gap-default\">\n\t\t\t\t\t<div class=\"elementor-column elementor-col-100 elementor-top-column elementor-element elementor-element-1ef528b0\" data-id=\"1ef528b0\" data-element_type=\"column\">\n\t\t\t<div class=\"elementor-widget-wrap elementor-element-populated\">\n\t\t\t\t\t\t<div class=\"elementor-element elementor-element-70d8300 elementor-widget elementor-widget-heading\" data-id=\"70d8300\" data-element_type=\"widget\" data-widget_type=\"heading.default\">\n\t\t\t\t<div class=\"elementor-widget-container\">\n\t\t\t\t\t<style>.elementor-element-70d8300{display:none !important}<\/style>\t\t\t\t<\/div>\n\t\t\t\t<\/div>\n\t\t\t\t<div class=\"elementor-element elementor-element-15290b34 elementor-widget elementor-widget-heading\" data-id=\"15290b34\" data-element_type=\"widget\" data-no-translation=\"\" data-widget_type=\"heading.default\">\n\t\t\t\t<div class=\"elementor-widget-container\">\n\t\t\t\t\t<h2 class=\"elementor-heading-title elementor-size-large\">Empecemos a crecer juntos <\/h2>\t\t\t\t<\/div>\n\t\t\t\t<\/div>\n\t\t\t\t<div class=\"elementor-element elementor-element-4c45c17b elementor-widget elementor-widget-button\" data-id=\"4c45c17b\" data-element_type=\"widget\" data-widget_type=\"button.default\">\n\t\t\t\t<div class=\"elementor-widget-container\">\n\t\t\t\t\t<style>.elementor-element-4c45c17b{display:none !important}<\/style>\t\t\t\t<\/div>\n\t\t\t\t<\/div>\n\t\t\t\t<div class=\"elementor-element elementor-element-5b6b292 elementor-widget elementor-widget-button\" data-id=\"5b6b292\" data-element_type=\"widget\" data-no-translation=\"\" data-widget_type=\"button.default\">\n\t\t\t\t<div class=\"elementor-widget-container\">\n\t\t\t\t\t\t\t\t\t<div class=\"elementor-button-wrapper\">\n\t\t\t\t\t<a class=\"elementor-button elementor-button-link elementor-size-md\" href=\"https:\/\/www.indestec.net\/es_mx\/contact\/\">\n\t\t\t\t\t\t<span class=\"elementor-button-content-wrapper\">\n\t\t\t\t\t\t\t\t\t<span class=\"elementor-button-text\">cont\u00e1ctanos<\/span>\n\t\t\t\t\t<\/span>\n\t\t\t\t\t<\/a>\n\t\t\t\t<\/div>\n\t\t\t\t\t\t\t\t<\/div>\n\t\t\t\t<\/div>\n\t\t\t\t\t<\/div>\n\t\t<\/div>\n\t\t\t\t\t<\/div>\n\t\t<\/section>\n\t\t\t\t<\/div>","protected":false},"excerpt":{"rendered":"<p>OEM\u00b4s Colaboramos con fabricantes de maquinaria para crear soluciones innovadoras OEM\u00b4s Incorporate INDESTEC equipment into your manufacturing process and this you will obtain the confidence of having the optimal technology and efficiency to satisfy the needs of your client, forming part of the finished product of your brand. Incorpore equipos INDESTEC como piezas claves del [&hellip;]<\/p>","protected":false},"author":1,"featured_media":0,"parent":0,"menu_order":0,"comment_status":"closed","ping_status":"closed","template":"elementor_header_footer","meta":{"footnotes":""},"class_list":["post-82","page","type-page","status-publish","hentry"],"yoast_head":"<!-- This site is optimized with the Yoast SEO plugin v27.2 - https:\/\/yoast.com\/product\/yoast-seo-wordpress\/ -->\n<title>OEM`s | Indestec<\/title>\n<meta name=\"robots\" content=\"index, follow, max-snippet:-1, max-image-preview:large, max-video-preview:-1\" \/>\n<link rel=\"canonical\" href=\"https:\/\/indestec.net\/es_mx\/oems\/\" \/>\n<meta property=\"og:locale\" content=\"es_MX\" \/>\n<meta property=\"og:type\" content=\"article\" \/>\n<meta property=\"og:title\" content=\"OEM`s | Indestec\" \/>\n<meta property=\"og:description\" content=\"OEM\u00b4s Colaboramos con fabricantes de maquinaria para crear soluciones innovadoras OEM\u00b4s Incorporate INDESTEC equipment into your manufacturing process and this you will obtain the confidence of having the optimal technology and efficiency to satisfy the needs of your client, forming part of the finished product of your brand. Incorpore equipos INDESTEC como piezas claves del [&hellip;]\" \/>\n<meta property=\"og:url\" content=\"https:\/\/indestec.net\/es_mx\/oems\/\" \/>\n<meta property=\"og:site_name\" content=\"Indestec\" \/>\n<meta property=\"article:modified_time\" content=\"2024-02-09T20:00:19+00:00\" \/>\n<meta property=\"og:image\" content=\"https:\/\/indestec.net\/wp-content\/uploads\/2023\/04\/Annotation-2021-07-13-194849.jpg\" \/>\n<meta name=\"twitter:card\" content=\"summary_large_image\" \/>\n<meta name=\"twitter:label1\" content=\"Tiempo de lectura\" \/>\n\t<meta name=\"twitter:data1\" content=\"3 minutos\" \/>\n<script type=\"application\/ld+json\" class=\"yoast-schema-graph\">{\"@context\":\"https:\/\/schema.org\",\"@graph\":[{\"@type\":\"WebPage\",\"@id\":\"https:\/\/indestec.net\/oems\/\",\"url\":\"https:\/\/indestec.net\/oems\/\",\"name\":\"OEM`s | Indestec\",\"isPartOf\":{\"@id\":\"https:\/\/indestec.net\/#website\"},\"primaryImageOfPage\":{\"@id\":\"https:\/\/indestec.net\/oems\/#primaryimage\"},\"image\":{\"@id\":\"https:\/\/indestec.net\/oems\/#primaryimage\"},\"thumbnailUrl\":\"https:\/\/indestec.net\/wp-content\/uploads\/2023\/04\/Annotation-2021-07-13-194849.jpg\",\"datePublished\":\"2023-04-07T23:46:09+00:00\",\"dateModified\":\"2024-02-09T20:00:19+00:00\",\"breadcrumb\":{\"@id\":\"https:\/\/indestec.net\/oems\/#breadcrumb\"},\"inLanguage\":\"es\",\"potentialAction\":[{\"@type\":\"ReadAction\",\"target\":[\"https:\/\/indestec.net\/oems\/\"]}]},{\"@type\":\"ImageObject\",\"inLanguage\":\"es\",\"@id\":\"https:\/\/indestec.net\/oems\/#primaryimage\",\"url\":\"https:\/\/indestec.net\/wp-content\/uploads\/2023\/04\/Annotation-2021-07-13-194849.jpg\",\"contentUrl\":\"https:\/\/indestec.net\/wp-content\/uploads\/2023\/04\/Annotation-2021-07-13-194849.jpg\"},{\"@type\":\"BreadcrumbList\",\"@id\":\"https:\/\/indestec.net\/oems\/#breadcrumb\",\"itemListElement\":[{\"@type\":\"ListItem\",\"position\":1,\"name\":\"Inicio\",\"item\":\"https:\/\/indestec.net\/\"},{\"@type\":\"ListItem\",\"position\":2,\"name\":\"OEM`s\"}]},{\"@type\":\"WebSite\",\"@id\":\"https:\/\/indestec.net\/#website\",\"url\":\"https:\/\/indestec.net\/\",\"name\":\"INDESTEC\",\"description\":\"NUMBER ONE MANUFACTURER OF STATIC ELIMINATORS\",\"publisher\":{\"@id\":\"https:\/\/indestec.net\/#organization\"},\"alternateName\":\"Contamos con diferentes distribuidores alrededor del mundo.\",\"potentialAction\":[{\"@type\":\"SearchAction\",\"target\":{\"@type\":\"EntryPoint\",\"urlTemplate\":\"https:\/\/indestec.net\/?s={search_term_string}\"},\"query-input\":{\"@type\":\"PropertyValueSpecification\",\"valueRequired\":true,\"valueName\":\"search_term_string\"}}],\"inLanguage\":\"es\"},{\"@type\":\"Organization\",\"@id\":\"https:\/\/indestec.net\/#organization\",\"name\":\"INDESTEC\",\"url\":\"https:\/\/indestec.net\/\",\"logo\":{\"@type\":\"ImageObject\",\"inLanguage\":\"es\",\"@id\":\"https:\/\/indestec.net\/#\/schema\/logo\/image\/\",\"url\":\"https:\/\/indestec.net\/wp-content\/uploads\/2023\/04\/Logo-color-Azul-RGB.jpg\",\"contentUrl\":\"https:\/\/indestec.net\/wp-content\/uploads\/2023\/04\/Logo-color-Azul-RGB.jpg\",\"width\":1432,\"height\":199,\"caption\":\"INDESTEC\"},\"image\":{\"@id\":\"https:\/\/indestec.net\/#\/schema\/logo\/image\/\"}}]}<\/script>\n<!-- \/ Yoast SEO plugin. -->","yoast_head_json":{"title":"OEM`s | Indestec","robots":{"index":"index","follow":"follow","max-snippet":"max-snippet:-1","max-image-preview":"max-image-preview:large","max-video-preview":"max-video-preview:-1"},"canonical":"https:\/\/indestec.net\/es_mx\/oems\/","og_locale":"es_MX","og_type":"article","og_title":"OEM`s | Indestec","og_description":"OEM\u00b4s Colaboramos con fabricantes de maquinaria para crear soluciones innovadoras OEM\u00b4s Incorporate INDESTEC equipment into your manufacturing process and this you will obtain the confidence of having the optimal technology and efficiency to satisfy the needs of your client, forming part of the finished product of your brand. Incorpore equipos INDESTEC como piezas claves del [&hellip;]","og_url":"https:\/\/indestec.net\/es_mx\/oems\/","og_site_name":"Indestec","article_modified_time":"2024-02-09T20:00:19+00:00","og_image":[{"url":"https:\/\/indestec.net\/wp-content\/uploads\/2023\/04\/Annotation-2021-07-13-194849.jpg","type":"","width":"","height":""}],"twitter_card":"summary_large_image","twitter_misc":{"Tiempo de lectura":"3 minutos"},"schema":{"@context":"https:\/\/schema.org","@graph":[{"@type":"WebPage","@id":"https:\/\/indestec.net\/oems\/","url":"https:\/\/indestec.net\/oems\/","name":"OEM`s | Indestec","isPartOf":{"@id":"https:\/\/indestec.net\/#website"},"primaryImageOfPage":{"@id":"https:\/\/indestec.net\/oems\/#primaryimage"},"image":{"@id":"https:\/\/indestec.net\/oems\/#primaryimage"},"thumbnailUrl":"https:\/\/indestec.net\/wp-content\/uploads\/2023\/04\/Annotation-2021-07-13-194849.jpg","datePublished":"2023-04-07T23:46:09+00:00","dateModified":"2024-02-09T20:00:19+00:00","breadcrumb":{"@id":"https:\/\/indestec.net\/oems\/#breadcrumb"},"inLanguage":"es","potentialAction":[{"@type":"ReadAction","target":["https:\/\/indestec.net\/oems\/"]}]},{"@type":"ImageObject","inLanguage":"es","@id":"https:\/\/indestec.net\/oems\/#primaryimage","url":"https:\/\/indestec.net\/wp-content\/uploads\/2023\/04\/Annotation-2021-07-13-194849.jpg","contentUrl":"https:\/\/indestec.net\/wp-content\/uploads\/2023\/04\/Annotation-2021-07-13-194849.jpg"},{"@type":"BreadcrumbList","@id":"https:\/\/indestec.net\/oems\/#breadcrumb","itemListElement":[{"@type":"ListItem","position":1,"name":"Inicio","item":"https:\/\/indestec.net\/"},{"@type":"ListItem","position":2,"name":"OEM`s"}]},{"@type":"WebSite","@id":"https:\/\/indestec.net\/#website","url":"https:\/\/indestec.net\/","name":"INDESTEC","description":"NUMBER ONE MANUFACTURER OF STATIC ELIMINATORS","publisher":{"@id":"https:\/\/indestec.net\/#organization"},"alternateName":"Contamos con diferentes distribuidores alrededor del mundo.","potentialAction":[{"@type":"SearchAction","target":{"@type":"EntryPoint","urlTemplate":"https:\/\/indestec.net\/?s={search_term_string}"},"query-input":{"@type":"PropertyValueSpecification","valueRequired":true,"valueName":"search_term_string"}}],"inLanguage":"es"},{"@type":"Organization","@id":"https:\/\/indestec.net\/#organization","name":"INDESTEC","url":"https:\/\/indestec.net\/","logo":{"@type":"ImageObject","inLanguage":"es","@id":"https:\/\/indestec.net\/#\/schema\/logo\/image\/","url":"https:\/\/indestec.net\/wp-content\/uploads\/2023\/04\/Logo-color-Azul-RGB.jpg","contentUrl":"https:\/\/indestec.net\/wp-content\/uploads\/2023\/04\/Logo-color-Azul-RGB.jpg","width":1432,"height":199,"caption":"INDESTEC"},"image":{"@id":"https:\/\/indestec.net\/#\/schema\/logo\/image\/"}}]}},"_links":{"self":[{"href":"https:\/\/indestec.net\/es_mx\/wp-json\/wp\/v2\/pages\/82","targetHints":{"allow":["GET"]}}],"collection":[{"href":"https:\/\/indestec.net\/es_mx\/wp-json\/wp\/v2\/pages"}],"about":[{"href":"https:\/\/indestec.net\/es_mx\/wp-json\/wp\/v2\/types\/page"}],"author":[{"embeddable":true,"href":"https:\/\/indestec.net\/es_mx\/wp-json\/wp\/v2\/users\/1"}],"replies":[{"embeddable":true,"href":"https:\/\/indestec.net\/es_mx\/wp-json\/wp\/v2\/comments?post=82"}],"version-history":[{"count":104,"href":"https:\/\/indestec.net\/es_mx\/wp-json\/wp\/v2\/pages\/82\/revisions"}],"predecessor-version":[{"id":5657,"href":"https:\/\/indestec.net\/es_mx\/wp-json\/wp\/v2\/pages\/82\/revisions\/5657"}],"wp:attachment":[{"href":"https:\/\/indestec.net\/es_mx\/wp-json\/wp\/v2\/media?parent=82"}],"curies":[{"name":"wp","href":"https:\/\/api.w.org\/{rel}","templated":true}]}}