{"id":66,"date":"2023-04-07T23:46:02","date_gmt":"2023-04-07T23:46:02","guid":{"rendered":"https:\/\/indestec.net\/clients\/"},"modified":"2024-02-06T19:22:43","modified_gmt":"2024-02-06T19:22:43","slug":"clients","status":"publish","type":"page","link":"https:\/\/indestec.net\/es_mx\/clients\/","title":{"rendered":"Clients"},"content":{"rendered":"<div data-elementor-type=\"wp-page\" data-elementor-id=\"66\" class=\"elementor elementor-66\" data-elementor-post-type=\"page\">\n\t\t\t\t\t\t<section class=\"elementor-section elementor-top-section elementor-element elementor-element-64d65f6f elementor-section-full_width elementor-section-height-default elementor-section-height-default\" data-id=\"64d65f6f\" data-element_type=\"section\" data-settings=\"{&quot;background_background&quot;:&quot;classic&quot;}\" data-no-translation=\"\">\n\t\t\t\t\t\t<div class=\"elementor-container elementor-column-gap-no\">\n\t\t\t\t\t<div class=\"elementor-column elementor-col-100 elementor-top-column elementor-element elementor-element-6911da54\" data-id=\"6911da54\" data-element_type=\"column\">\n\t\t\t<div class=\"elementor-widget-wrap elementor-element-populated\">\n\t\t\t\t\t\t<div class=\"elementor-element elementor-element-59348ba9 elementor-widget elementor-widget-heading\" data-id=\"59348ba9\" data-element_type=\"widget\" data-widget_type=\"heading.default\">\n\t\t\t\t<div class=\"elementor-widget-container\">\n\t\t\t\t\t<h2 class=\"elementor-heading-title elementor-size-default\">Clientes<\/h2>\t\t\t\t<\/div>\n\t\t\t\t<\/div>\n\t\t\t\t<div class=\"elementor-element elementor-element-15daa17f elementor-absolute elementor-widget elementor-widget-heading\" data-id=\"15daa17f\" data-element_type=\"widget\" data-settings=\"{&quot;_position&quot;:&quot;absolute&quot;}\" data-widget_type=\"heading.default\">\n\t\t\t\t<div class=\"elementor-widget-container\">\n\t\t\t\t\t<span class=\"elementor-heading-title elementor-size-default\">Clientes<\/span>\t\t\t\t<\/div>\n\t\t\t\t<\/div>\n\t\t\t\t\t<\/div>\n\t\t<\/div>\n\t\t\t\t\t<\/div>\n\t\t<\/section>\n\t\t\t\t<section class=\"elementor-section elementor-top-section elementor-element elementor-element-69325248 elementor-section-full_width elementor-section-content-middle elementor-hidden-tablet elementor-hidden-phone elementor-section-height-default elementor-section-height-default\" data-id=\"69325248\" data-element_type=\"section\" data-settings=\"{&quot;background_background&quot;:&quot;classic&quot;}\">\n\t\t\t\t\t\t<div class=\"elementor-container elementor-column-gap-default\">\n\t\t\t\t\t<div class=\"elementor-column elementor-col-100 elementor-top-column elementor-element elementor-element-5914a716\" data-id=\"5914a716\" data-element_type=\"column\">\n\t\t\t<div class=\"elementor-widget-wrap elementor-element-populated\">\n\t\t\t\t\t\t<div class=\"elementor-element elementor-element-162b0473 elementor-widget elementor-widget-heading\" data-id=\"162b0473\" data-element_type=\"widget\" data-widget_type=\"heading.default\">\n\t\t\t\t<div class=\"elementor-widget-container\">\n\t\t\t\t\t<style>.elementor-element-162b0473{display:none !important}<\/style>\t\t\t\t<\/div>\n\t\t\t\t<\/div>\n\t\t\t\t<div class=\"elementor-element elementor-element-c36c19f elementor-widget elementor-widget-heading\" data-id=\"c36c19f\" data-element_type=\"widget\" data-no-translation=\"\" data-widget_type=\"heading.default\">\n\t\t\t\t<div class=\"elementor-widget-container\">\n\t\t\t\t\t<h4 class=\"elementor-heading-title elementor-size-medium\">Trabajamos con nuestros clientes en todo el mundo creando soluciones a la medida de sus necesidades<\/h4>\t\t\t\t<\/div>\n\t\t\t\t<\/div>\n\t\t\t\t\t<\/div>\n\t\t<\/div>\n\t\t\t\t\t<\/div>\n\t\t<\/section>\n\t\t\t\t<section class=\"elementor-section elementor-top-section elementor-element elementor-element-6c58794d elementor-section-boxed elementor-section-height-default elementor-section-height-default\" data-id=\"6c58794d\" data-element_type=\"section\" data-settings=\"{&quot;background_background&quot;:&quot;classic&quot;}\">\n\t\t\t\t\t\t<div class=\"elementor-container elementor-column-gap-default\">\n\t\t\t\t\t<div class=\"elementor-column elementor-col-100 elementor-top-column elementor-element elementor-element-71e3820f\" data-id=\"71e3820f\" data-element_type=\"column\">\n\t\t\t<div class=\"elementor-widget-wrap elementor-element-populated\">\n\t\t\t\t\t\t<div class=\"elementor-element elementor-element-6b3737f8 eael-dual-header-content-align-center elementor-widget elementor-widget-eael-dual-color-header\" data-id=\"6b3737f8\" data-element_type=\"widget\" data-widget_type=\"eael-dual-color-header.default\">\n\t\t\t\t<div class=\"elementor-widget-container\">\n\t\t\t\t\t<style>.elementor-element-6b3737f8{display:none !important}<\/style>\t\t\t\t<\/div>\n\t\t\t\t<\/div>\n\t\t\t\t<div class=\"elementor-element elementor-element-48e64363 eael-dual-header-content-align-center elementor-widget elementor-widget-eael-dual-color-header\" data-id=\"48e64363\" data-element_type=\"widget\" data-no-translation=\"\" data-widget_type=\"eael-dual-color-header.default\">\n\t\t\t\t<div class=\"elementor-widget-container\">\n\t\t\t\t\t\t\t\t<div class=\"eael-dual-header\">\n\t\t\t\t<h2 class=\"title eael-dch-title\"><span class=\"eael-dch-title-text eael-dch-title-lead lead solid-color\">Compromiso y dedicaci\u00f3n<\/span> <span class=\"eael-dch-title-text\">a cada cliente<\/span><\/h2><div class=\"eael-dch-separator-wrap\"><span class=\"separator-one\"><\/span>\n\t\t\t<span class=\"separator-two\"><\/span><\/div>\t\t\t<\/div>\n\n\t\t\t\t\t\t<\/div>\n\t\t\t\t<\/div>\n\t\t\t\t<div class=\"elementor-element elementor-element-6a9e71b1 elementor-widget elementor-widget-eael-image-accordion\" data-id=\"6a9e71b1\" data-element_type=\"widget\" data-widget_type=\"eael-image-accordion.default\">\n\t\t\t\t<div class=\"elementor-widget-container\">\n\t\t\t\t\t<style>.elementor-element-6a9e71b1{display:none !important}<\/style>\t\t\t\t<\/div>\n\t\t\t\t<\/div>\n\t\t\t\t<div class=\"elementor-element elementor-element-2998718e elementor-widget elementor-widget-eael-image-accordion\" data-id=\"2998718e\" data-element_type=\"widget\" data-no-translation=\"\" data-widget_type=\"eael-image-accordion.default\">\n\t\t\t\t<div class=\"elementor-widget-container\">\n\t\t\t\t\t    <div class=\"eael-img-accordion accordion-direction-horizontal eael-img-accordion-horizontal-align-center eael-img-accordion-vertical-align-center\" id=\"eael-img-accordion-2998718e\" data-img-accordion-id=\"2998718e\" data-img-accordion-type=\"on-hover\">\n                    \n            <div class=\"eael-image-accordion-hover eael-image-accordion-item\" style=\"background-image: url(https:\/\/indestec.net\/wp-content\/uploads\/2023\/04\/d1e712_fbe272a5af7e40ec995cae039a913402.jpg);\"  tabindex=\"0\">\n                <div class=\"overlay\">\n                                        <div class=\"overlay-inner\">\n                        <h2 class=\"img-accordion-title\">Mejora tu Productividad<\/h2>                            <p><p>INDESTEC es el mejor aliado para aumentar la productividad de tu empresa<\/p><\/p>\n                                            <\/div>\n                <\/div>\n            <\/div>\n                    \n            <div class=\"eael-image-accordion-hover eael-image-accordion-item\" style=\"background-image: url(https:\/\/indestec.net\/wp-content\/uploads\/2023\/04\/d1e712_be5d050bd6cd4894828d18aba7ec2581.jpg);\"  tabindex=\"0\">\n                <div class=\"overlay\">\n                                        <div class=\"overlay-inner\">\n                        <h2 class=\"img-accordion-title\">Nuestro Servicio<\/h2>                            <p><p>En INDESTEC estamos convencidos de que una relaci\u00f3n comercial adquiere mayor valor con la cercan\u00eda.<\/p><p>Por eso tenemos presencia con nuestros clientes a trav\u00e9s de medios digitales, atenci\u00f3n telef\u00f3nica personalizada y asesor\u00eda t\u00e9cnica, asegurando la calidad de servicio que nos caracteriza.<\/p><\/p>\n                                            <\/div>\n                <\/div>\n            <\/div>\n                    \n            <div class=\"eael-image-accordion-hover eael-image-accordion-item\" style=\"background-image: url(https:\/\/indestec.net\/wp-content\/uploads\/2023\/04\/3.-1.png);\"  tabindex=\"0\">\n                <div class=\"overlay\">\n                                        <div class=\"overlay-inner\">\n                        <h2 class=\"img-accordion-title\">Sin fronteras<\/h2>                            <p><p>Estamos orgullosos de contar con m\u00faltiples clientes al rededor del mundo.<\/p><\/p>\n                                            <\/div>\n                <\/div>\n            <\/div>\n                <\/div>\n        <style typr=\"text\/css\">\n                    #eael-img-accordion-2998718e .eael-image-accordion-hover:hover {\n                        flex: 3 1 0% !important;\n                    }\n                    #eael-img-accordion-2998718e .eael-image-accordion-hover:hover:hover .overlay-inner * {\n                        opacity: 1;\n                        visibility: visible;\n                        transform: none;\n                        transition: all .3s .3s;\n                    }\n                <\/style>\t\t\t\t<\/div>\n\t\t\t\t<\/div>\n\t\t\t\t<div class=\"elementor-element elementor-element-31908ec6 elementor-widget elementor-widget-eael-creative-button\" data-id=\"31908ec6\" data-element_type=\"widget\" data-widget_type=\"eael-creative-button.default\">\n\t\t\t\t<div class=\"elementor-widget-container\">\n\t\t\t\t\t<style>.elementor-element-31908ec6{display:none !important}<\/style>\t\t\t\t<\/div>\n\t\t\t\t<\/div>\n\t\t\t\t<div class=\"elementor-element elementor-element-76ae5dbe elementor-widget elementor-widget-eael-creative-button\" data-id=\"76ae5dbe\" data-element_type=\"widget\" data-no-translation=\"\" data-widget_type=\"eael-creative-button.default\">\n\t\t\t\t<div class=\"elementor-widget-container\">\n\t\t\t\t\t        <div class=\"eael-creative-button-wrapper\">\n\n            <a class=\"eael-creative-button eael-creative-button--default\" href=\"https:\/\/www.indestec.net\/es_mx\/contact\/\" data-text=\"\">\n            \t    \n                <div class=\"creative-button-inner\">\n\n                    \n                    <span class=\"cretive-button-text\">Obtener una cita<\/span>\n\n                                    <\/div>\n\t                        <\/a>\n        <\/div>\n        \t\t\t\t<\/div>\n\t\t\t\t<\/div>\n\t\t\t\t\t<\/div>\n\t\t<\/div>\n\t\t\t\t\t<\/div>\n\t\t<\/section>\n\t\t\t\t<section class=\"elementor-section elementor-top-section elementor-element elementor-element-94e0b9d elementor-section-boxed elementor-section-height-default elementor-section-height-default\" data-id=\"94e0b9d\" data-element_type=\"section\" data-settings=\"{&quot;background_background&quot;:&quot;classic&quot;}\">\n\t\t\t\t\t\t\t<div class=\"elementor-background-overlay\"><\/div>\n\t\t\t\t\t\t\t<div class=\"elementor-container elementor-column-gap-default\">\n\t\t\t\t\t<div class=\"elementor-column elementor-col-100 elementor-top-column elementor-element elementor-element-6522a517\" data-id=\"6522a517\" data-element_type=\"column\">\n\t\t\t<div class=\"elementor-widget-wrap elementor-element-populated\">\n\t\t\t\t\t\t<div class=\"elementor-element elementor-element-dfb1950 elementor-widget elementor-widget-heading\" data-id=\"dfb1950\" data-element_type=\"widget\" data-widget_type=\"heading.default\">\n\t\t\t\t<div class=\"elementor-widget-container\">\n\t\t\t\t\t<style>.elementor-element-dfb1950{display:none !important}<\/style>\t\t\t\t<\/div>\n\t\t\t\t<\/div>\n\t\t\t\t<div class=\"elementor-element elementor-element-22d315e7 elementor-widget elementor-widget-heading\" data-id=\"22d315e7\" data-element_type=\"widget\" data-no-translation=\"\" data-widget_type=\"heading.default\">\n\t\t\t\t<div class=\"elementor-widget-container\">\n\t\t\t\t\t<p class=\"elementor-heading-title elementor-size-medium\">De acuerdo a tu proceso de producci\u00f3n y al material que se utiliza, INDESTEC pone a tu disposici\u00f3n soluciones hechas a tu medida para la eliminaci\u00f3n de est\u00e1tica.<\/p>\t\t\t\t<\/div>\n\t\t\t\t<\/div>\n\t\t\t\t\t<\/div>\n\t\t<\/div>\n\t\t\t\t\t<\/div>\n\t\t<\/section>\n\t\t\t\t<\/div>","protected":false},"excerpt":{"rendered":"<p>Clients Clients Clients Clientes Clientes Trabajamos con nuestros clientes en todo el mundo creando soluciones a la medida de sus necesidades Compromiso y dedicaci\u00f3n a cada cliente Mejora tu Productividad INDESTEC es el mejor aliado para aumentar la productividad de tu empresa Nuestro Servicio En INDESTEC estamos convencidos de que una relaci\u00f3n comercial adquiere mayor [&hellip;]<\/p>","protected":false},"author":1,"featured_media":0,"parent":0,"menu_order":0,"comment_status":"closed","ping_status":"closed","template":"elementor_header_footer","meta":{"footnotes":""},"class_list":["post-66","page","type-page","status-publish","hentry"],"yoast_head":"<!-- This site is optimized with the Yoast SEO plugin v27.2 - https:\/\/yoast.com\/product\/yoast-seo-wordpress\/ -->\n<title>Clients | Indestec<\/title>\n<meta name=\"robots\" content=\"index, follow, max-snippet:-1, max-image-preview:large, max-video-preview:-1\" \/>\n<link rel=\"canonical\" href=\"https:\/\/indestec.net\/es_mx\/clients\/\" \/>\n<meta property=\"og:locale\" content=\"es_MX\" \/>\n<meta property=\"og:type\" content=\"article\" \/>\n<meta property=\"og:title\" content=\"Clients | Indestec\" \/>\n<meta property=\"og:description\" content=\"Clients Clients Clients Clientes Clientes Trabajamos con nuestros clientes en todo el mundo creando soluciones a la medida de sus necesidades Compromiso y dedicaci\u00f3n a cada cliente Mejora tu Productividad INDESTEC es el mejor aliado para aumentar la productividad de tu empresa Nuestro Servicio En INDESTEC estamos convencidos de que una relaci\u00f3n comercial adquiere mayor [&hellip;]\" \/>\n<meta property=\"og:url\" content=\"https:\/\/indestec.net\/es_mx\/clients\/\" \/>\n<meta property=\"og:site_name\" content=\"Indestec\" \/>\n<meta property=\"article:modified_time\" content=\"2024-02-06T19:22:43+00:00\" \/>\n<meta property=\"og:image\" content=\"https:\/\/indestec.net\/wp-content\/uploads\/2023\/04\/Clientes-clients-business-negocios-venta-internacional-importacion-exportacion-exportation-indestec-.jpg\" \/>\n\t<meta property=\"og:image:width\" content=\"1397\" \/>\n\t<meta property=\"og:image:height\" content=\"710\" \/>\n\t<meta property=\"og:image:type\" content=\"image\/jpeg\" \/>\n<meta name=\"twitter:card\" content=\"summary_large_image\" \/>\n<meta name=\"twitter:label1\" content=\"Tiempo de lectura\" \/>\n\t<meta name=\"twitter:data1\" content=\"2 minutos\" \/>\n<script type=\"application\/ld+json\" class=\"yoast-schema-graph\">{\"@context\":\"https:\/\/schema.org\",\"@graph\":[{\"@type\":\"WebPage\",\"@id\":\"https:\/\/indestec.net\/clients\/\",\"url\":\"https:\/\/indestec.net\/clients\/\",\"name\":\"Clients | Indestec\",\"isPartOf\":{\"@id\":\"https:\/\/indestec.net\/#website\"},\"datePublished\":\"2023-04-07T23:46:02+00:00\",\"dateModified\":\"2024-02-06T19:22:43+00:00\",\"breadcrumb\":{\"@id\":\"https:\/\/indestec.net\/clients\/#breadcrumb\"},\"inLanguage\":\"es\",\"potentialAction\":[{\"@type\":\"ReadAction\",\"target\":[\"https:\/\/indestec.net\/clients\/\"]}]},{\"@type\":\"BreadcrumbList\",\"@id\":\"https:\/\/indestec.net\/clients\/#breadcrumb\",\"itemListElement\":[{\"@type\":\"ListItem\",\"position\":1,\"name\":\"Inicio\",\"item\":\"https:\/\/indestec.net\/\"},{\"@type\":\"ListItem\",\"position\":2,\"name\":\"Clients\"}]},{\"@type\":\"WebSite\",\"@id\":\"https:\/\/indestec.net\/#website\",\"url\":\"https:\/\/indestec.net\/\",\"name\":\"INDESTEC\",\"description\":\"NUMBER ONE MANUFACTURER OF STATIC ELIMINATORS\",\"publisher\":{\"@id\":\"https:\/\/indestec.net\/#organization\"},\"alternateName\":\"Contamos con diferentes distribuidores alrededor del mundo.\",\"potentialAction\":[{\"@type\":\"SearchAction\",\"target\":{\"@type\":\"EntryPoint\",\"urlTemplate\":\"https:\/\/indestec.net\/?s={search_term_string}\"},\"query-input\":{\"@type\":\"PropertyValueSpecification\",\"valueRequired\":true,\"valueName\":\"search_term_string\"}}],\"inLanguage\":\"es\"},{\"@type\":\"Organization\",\"@id\":\"https:\/\/indestec.net\/#organization\",\"name\":\"INDESTEC\",\"url\":\"https:\/\/indestec.net\/\",\"logo\":{\"@type\":\"ImageObject\",\"inLanguage\":\"es\",\"@id\":\"https:\/\/indestec.net\/#\/schema\/logo\/image\/\",\"url\":\"https:\/\/indestec.net\/wp-content\/uploads\/2023\/04\/Logo-color-Azul-RGB.jpg\",\"contentUrl\":\"https:\/\/indestec.net\/wp-content\/uploads\/2023\/04\/Logo-color-Azul-RGB.jpg\",\"width\":1432,\"height\":199,\"caption\":\"INDESTEC\"},\"image\":{\"@id\":\"https:\/\/indestec.net\/#\/schema\/logo\/image\/\"}}]}<\/script>\n<!-- \/ Yoast SEO plugin. -->","yoast_head_json":{"title":"Clients | Indestec","robots":{"index":"index","follow":"follow","max-snippet":"max-snippet:-1","max-image-preview":"max-image-preview:large","max-video-preview":"max-video-preview:-1"},"canonical":"https:\/\/indestec.net\/es_mx\/clients\/","og_locale":"es_MX","og_type":"article","og_title":"Clients | Indestec","og_description":"Clients Clients Clients Clientes Clientes Trabajamos con nuestros clientes en todo el mundo creando soluciones a la medida de sus necesidades Compromiso y dedicaci\u00f3n a cada cliente Mejora tu Productividad INDESTEC es el mejor aliado para aumentar la productividad de tu empresa Nuestro Servicio En INDESTEC estamos convencidos de que una relaci\u00f3n comercial adquiere mayor [&hellip;]","og_url":"https:\/\/indestec.net\/es_mx\/clients\/","og_site_name":"Indestec","article_modified_time":"2024-02-06T19:22:43+00:00","og_image":[{"width":1397,"height":710,"url":"https:\/\/indestec.net\/wp-content\/uploads\/2023\/04\/Clientes-clients-business-negocios-venta-internacional-importacion-exportacion-exportation-indestec-.jpg","type":"image\/jpeg"}],"twitter_card":"summary_large_image","twitter_misc":{"Tiempo de lectura":"2 minutos"},"schema":{"@context":"https:\/\/schema.org","@graph":[{"@type":"WebPage","@id":"https:\/\/indestec.net\/clients\/","url":"https:\/\/indestec.net\/clients\/","name":"Clients | Indestec","isPartOf":{"@id":"https:\/\/indestec.net\/#website"},"datePublished":"2023-04-07T23:46:02+00:00","dateModified":"2024-02-06T19:22:43+00:00","breadcrumb":{"@id":"https:\/\/indestec.net\/clients\/#breadcrumb"},"inLanguage":"es","potentialAction":[{"@type":"ReadAction","target":["https:\/\/indestec.net\/clients\/"]}]},{"@type":"BreadcrumbList","@id":"https:\/\/indestec.net\/clients\/#breadcrumb","itemListElement":[{"@type":"ListItem","position":1,"name":"Inicio","item":"https:\/\/indestec.net\/"},{"@type":"ListItem","position":2,"name":"Clients"}]},{"@type":"WebSite","@id":"https:\/\/indestec.net\/#website","url":"https:\/\/indestec.net\/","name":"INDESTEC","description":"NUMBER ONE MANUFACTURER OF STATIC ELIMINATORS","publisher":{"@id":"https:\/\/indestec.net\/#organization"},"alternateName":"Contamos con diferentes distribuidores alrededor del mundo.","potentialAction":[{"@type":"SearchAction","target":{"@type":"EntryPoint","urlTemplate":"https:\/\/indestec.net\/?s={search_term_string}"},"query-input":{"@type":"PropertyValueSpecification","valueRequired":true,"valueName":"search_term_string"}}],"inLanguage":"es"},{"@type":"Organization","@id":"https:\/\/indestec.net\/#organization","name":"INDESTEC","url":"https:\/\/indestec.net\/","logo":{"@type":"ImageObject","inLanguage":"es","@id":"https:\/\/indestec.net\/#\/schema\/logo\/image\/","url":"https:\/\/indestec.net\/wp-content\/uploads\/2023\/04\/Logo-color-Azul-RGB.jpg","contentUrl":"https:\/\/indestec.net\/wp-content\/uploads\/2023\/04\/Logo-color-Azul-RGB.jpg","width":1432,"height":199,"caption":"INDESTEC"},"image":{"@id":"https:\/\/indestec.net\/#\/schema\/logo\/image\/"}}]}},"_links":{"self":[{"href":"https:\/\/indestec.net\/es_mx\/wp-json\/wp\/v2\/pages\/66","targetHints":{"allow":["GET"]}}],"collection":[{"href":"https:\/\/indestec.net\/es_mx\/wp-json\/wp\/v2\/pages"}],"about":[{"href":"https:\/\/indestec.net\/es_mx\/wp-json\/wp\/v2\/types\/page"}],"author":[{"embeddable":true,"href":"https:\/\/indestec.net\/es_mx\/wp-json\/wp\/v2\/users\/1"}],"replies":[{"embeddable":true,"href":"https:\/\/indestec.net\/es_mx\/wp-json\/wp\/v2\/comments?post=66"}],"version-history":[{"count":50,"href":"https:\/\/indestec.net\/es_mx\/wp-json\/wp\/v2\/pages\/66\/revisions"}],"predecessor-version":[{"id":5566,"href":"https:\/\/indestec.net\/es_mx\/wp-json\/wp\/v2\/pages\/66\/revisions\/5566"}],"wp:attachment":[{"href":"https:\/\/indestec.net\/es_mx\/wp-json\/wp\/v2\/media?parent=66"}],"curies":[{"name":"wp","href":"https:\/\/api.w.org\/{rel}","templated":true}]}}