{"id":51,"date":"2023-04-07T23:45:56","date_gmt":"2023-04-07T23:45:56","guid":{"rendered":"https:\/\/indestec.net\/whats-static\/"},"modified":"2024-02-22T18:31:16","modified_gmt":"2024-02-22T18:31:16","slug":"whats-static","status":"publish","type":"page","link":"https:\/\/indestec.net\/es_mx\/whats-static\/","title":{"rendered":"What&#8217;s Static"},"content":{"rendered":"<div data-elementor-type=\"wp-page\" data-elementor-id=\"51\" class=\"elementor elementor-51\" data-elementor-post-type=\"page\">\n\t\t\t\t\t\t<section class=\"elementor-section elementor-top-section elementor-element elementor-element-4ffb4882 elementor-section-boxed elementor-section-height-default elementor-section-height-default\" data-id=\"4ffb4882\" data-element_type=\"section\">\n\t\t\t\t\t\t<div class=\"elementor-container elementor-column-gap-default\">\n\t\t\t\t\t<div class=\"elementor-column elementor-col-50 elementor-top-column elementor-element elementor-element-5acf45e3\" data-id=\"5acf45e3\" data-element_type=\"column\">\n\t\t\t<div class=\"elementor-widget-wrap elementor-element-populated\">\n\t\t\t\t\t\t<div class=\"elementor-element elementor-element-70c0aed8 elementor-widget elementor-widget-heading\" data-id=\"70c0aed8\" data-element_type=\"widget\" data-widget_type=\"heading.default\">\n\t\t\t\t<div class=\"elementor-widget-container\">\n\t\t\t\t\t<style>.elementor-element-70c0aed8{display:none !important}<\/style>\t\t\t\t<\/div>\n\t\t\t\t<\/div>\n\t\t\t\t<div class=\"elementor-element elementor-element-38670301 elementor-widget elementor-widget-heading\" data-id=\"38670301\" data-element_type=\"widget\" data-no-translation=\"\" data-widget_type=\"heading.default\">\n\t\t\t\t<div class=\"elementor-widget-container\">\n\t\t\t\t\t<h3 class=\"elementor-heading-title elementor-size-default\">\u00bfQu\u00e9 es la est\u00e1tica?<\/h3>\t\t\t\t<\/div>\n\t\t\t\t<\/div>\n\t\t\t\t<div class=\"elementor-element elementor-element-378d7878 elementor-widget elementor-widget-text-editor\" data-id=\"378d7878\" data-element_type=\"widget\" data-widget_type=\"text-editor.default\">\n\t\t\t\t<div class=\"elementor-widget-container\">\n\t\t\t\t\t<style>.elementor-element-378d7878{display:none !important}<\/style>\t\t\t\t<\/div>\n\t\t\t\t<\/div>\n\t\t\t\t<div class=\"elementor-element elementor-element-3808881a elementor-widget elementor-widget-text-editor\" data-id=\"3808881a\" data-element_type=\"widget\" data-no-translation=\"\" data-widget_type=\"text-editor.default\">\n\t\t\t\t<div class=\"elementor-widget-container\">\n\t\t\t\t\t\t\t\t\t<p><strong>El mayor problema de los procesos de manufactura.<\/strong><\/p>\t\t\t\t\t\t\t\t<\/div>\n\t\t\t\t<\/div>\n\t\t\t\t<div class=\"elementor-element elementor-element-66627eaa elementor-widget elementor-widget-text-editor\" data-id=\"66627eaa\" data-element_type=\"widget\" data-widget_type=\"text-editor.default\">\n\t\t\t\t<div class=\"elementor-widget-container\">\n\t\t\t\t\t<style>.elementor-element-66627eaa{display:none !important}<\/style>\t\t\t\t<\/div>\n\t\t\t\t<\/div>\n\t\t\t\t<div class=\"elementor-element elementor-element-7c8ec1bf elementor-widget elementor-widget-text-editor\" data-id=\"7c8ec1bf\" data-element_type=\"widget\" data-no-translation=\"\" data-widget_type=\"text-editor.default\">\n\t\t\t\t<div class=\"elementor-widget-container\">\n\t\t\t\t\t\t\t\t\t<p><strong>La electricidad est\u00e1tica<\/strong> es la acumulaci\u00f3n de carga electrost\u00e1tica positiva o negativa estacionaria que se genera por fricci\u00f3n, por el contacto y separaci\u00f3n entre diferentes materiales.<\/p>\t\t\t\t\t\t\t\t<\/div>\n\t\t\t\t<\/div>\n\t\t\t\t\t<\/div>\n\t\t<\/div>\n\t\t\t\t<div class=\"elementor-column elementor-col-50 elementor-top-column elementor-element elementor-element-5ffac34a\" data-id=\"5ffac34a\" data-element_type=\"column\">\n\t\t\t<div class=\"elementor-widget-wrap elementor-element-populated\">\n\t\t\t\t\t\t<div class=\"elementor-element elementor-element-13aaef04 elementor-widget elementor-widget-image\" data-id=\"13aaef04\" data-element_type=\"widget\" loading=\"lazy\" data-widget_type=\"image.default\">\n\t\t\t\t<div class=\"elementor-widget-container\">\n\t\t\t\t\t\t\t\t\t\t\t\t\t\t\t<img fetchpriority=\"high\" decoding=\"async\" width=\"1000\" height=\"475\" src=\"https:\/\/indestec.net\/wp-content\/uploads\/2023\/04\/Static-problema-problem-estatica-estatica-solucion-solution-industry-operation-industria-proceso-process-1-2.jpg\" class=\"attachment-full size-full wp-image-52\" alt=\"\" srcset=\"https:\/\/indestec.net\/wp-content\/uploads\/2023\/04\/Static-problema-problem-estatica-estatica-solucion-solution-industry-operation-industria-proceso-process-1-2.jpg 1000w, https:\/\/indestec.net\/wp-content\/uploads\/2023\/04\/Static-problema-problem-estatica-estatica-solucion-solution-industry-operation-industria-proceso-process-1-2-300x143.jpg 300w, https:\/\/indestec.net\/wp-content\/uploads\/2023\/04\/Static-problema-problem-estatica-estatica-solucion-solution-industry-operation-industria-proceso-process-1-2-768x365.jpg 768w\" sizes=\"(max-width: 1000px) 100vw, 1000px\" \/>\t\t\t\t\t\t\t\t\t\t\t\t\t\t\t<\/div>\n\t\t\t\t<\/div>\n\t\t\t\t\t<\/div>\n\t\t<\/div>\n\t\t\t\t\t<\/div>\n\t\t<\/section>\n\t\t\t\t<section class=\"elementor-section elementor-top-section elementor-element elementor-element-555d18ea elementor-section-boxed elementor-section-height-default elementor-section-height-default\" data-id=\"555d18ea\" data-element_type=\"section\" data-settings=\"{&quot;background_background&quot;:&quot;gradient&quot;}\">\n\t\t\t\t\t\t<div class=\"elementor-container elementor-column-gap-default\">\n\t\t\t\t\t<div class=\"elementor-column elementor-col-100 elementor-top-column elementor-element elementor-element-382002ad\" data-id=\"382002ad\" data-element_type=\"column\">\n\t\t\t<div class=\"elementor-widget-wrap elementor-element-populated\">\n\t\t\t\t\t\t<div class=\"elementor-element elementor-element-12a1c190 elementor-widget elementor-widget-heading\" data-id=\"12a1c190\" data-element_type=\"widget\" data-widget_type=\"heading.default\">\n\t\t\t\t<div class=\"elementor-widget-container\">\n\t\t\t\t\t<style>.elementor-element-12a1c190{display:none !important}<\/style>\t\t\t\t<\/div>\n\t\t\t\t<\/div>\n\t\t\t\t<div class=\"elementor-element elementor-element-40780b97 elementor-widget elementor-widget-heading\" data-id=\"40780b97\" data-element_type=\"widget\" data-no-translation=\"\" data-widget_type=\"heading.default\">\n\t\t\t\t<div class=\"elementor-widget-container\">\n\t\t\t\t\t<h3 class=\"elementor-heading-title elementor-size-default\">INDESTEC te ofrece la soluci\u00f3n<\/h3>\t\t\t\t<\/div>\n\t\t\t\t<\/div>\n\t\t\t\t<div class=\"elementor-element elementor-element-1c42a17b elementor-widget elementor-widget-video\" data-id=\"1c42a17b\" data-element_type=\"widget\" data-settings=\"{&quot;youtube_url&quot;:&quot;https:\\\/\\\/www.youtube.com\\\/watch?v=0kNSc1_Em74&quot;,&quot;video_type&quot;:&quot;youtube&quot;,&quot;controls&quot;:&quot;yes&quot;}\" data-widget_type=\"video.default\">\n\t\t\t\t<div class=\"elementor-widget-container\">\n\t\t\t\t\t\t\t<div class=\"elementor-wrapper elementor-open-inline\">\n\t\t\t<div class=\"elementor-video\"><\/div>\t\t<\/div>\n\t\t\t\t\t\t<\/div>\n\t\t\t\t<\/div>\n\t\t\t\t<div class=\"elementor-element elementor-element-26b661c3 elementor-widget elementor-widget-text-editor\" data-id=\"26b661c3\" data-element_type=\"widget\" data-widget_type=\"text-editor.default\">\n\t\t\t\t<div class=\"elementor-widget-container\">\n\t\t\t\t\t<style>.elementor-element-26b661c3{display:none !important}<\/style>\t\t\t\t<\/div>\n\t\t\t\t<\/div>\n\t\t\t\t<div class=\"elementor-element elementor-element-7599f589 elementor-widget elementor-widget-text-editor\" data-id=\"7599f589\" data-element_type=\"widget\" data-no-translation=\"\" data-widget_type=\"text-editor.default\">\n\t\t\t\t<div class=\"elementor-widget-container\">\n\t\t\t\t\t\t\t\t\t<p>Sus efectos aparecen durante ciertos procesos de fabricaci\u00f3n debido al manejo de materiales, que dan como resultado:<\/p>\t\t\t\t\t\t\t\t<\/div>\n\t\t\t\t<\/div>\n\t\t\t\t<div class=\"elementor-element elementor-element-a230da9 elementor-icon-list--layout-traditional elementor-list-item-link-full_width elementor-widget elementor-widget-icon-list\" data-id=\"a230da9\" data-element_type=\"widget\" data-widget_type=\"icon-list.default\">\n\t\t\t\t<div class=\"elementor-widget-container\">\n\t\t\t\t\t<style>.elementor-element-a230da9{display:none !important}<\/style>\t\t\t\t<\/div>\n\t\t\t\t<\/div>\n\t\t\t\t<div class=\"elementor-element elementor-element-3d57f4cc elementor-icon-list--layout-traditional elementor-list-item-link-full_width elementor-widget elementor-widget-icon-list\" data-id=\"3d57f4cc\" data-element_type=\"widget\" data-no-translation=\"\" data-widget_type=\"icon-list.default\">\n\t\t\t\t<div class=\"elementor-widget-container\">\n\t\t\t\t\t\t\t<ul class=\"elementor-icon-list-items\">\n\t\t\t\t\t\t\t<li class=\"elementor-icon-list-item\">\n\t\t\t\t\t\t\t\t\t\t\t<span class=\"elementor-icon-list-icon\">\n\t\t\t\t\t\t\t<i aria-hidden=\"true\" class=\"fas fa-chevron-right\"><\/i>\t\t\t\t\t\t<\/span>\n\t\t\t\t\t\t\t\t\t\t<span class=\"elementor-icon-list-text\">Aumento en los costos<\/span>\n\t\t\t\t\t\t\t\t\t<\/li>\n\t\t\t\t\t\t\t\t<li class=\"elementor-icon-list-item\">\n\t\t\t\t\t\t\t\t\t\t\t<span class=\"elementor-icon-list-icon\">\n\t\t\t\t\t\t\t<i aria-hidden=\"true\" class=\"fas fa-angle-right\"><\/i>\t\t\t\t\t\t<\/span>\n\t\t\t\t\t\t\t\t\t\t<span class=\"elementor-icon-list-text\">Procesos m\u00e1s lentos<\/span>\n\t\t\t\t\t\t\t\t\t<\/li>\n\t\t\t\t\t\t\t\t<li class=\"elementor-icon-list-item\">\n\t\t\t\t\t\t\t\t\t\t\t<span class=\"elementor-icon-list-icon\">\n\t\t\t\t\t\t\t<i aria-hidden=\"true\" class=\"fas fa-angle-right\"><\/i>\t\t\t\t\t\t<\/span>\n\t\t\t\t\t\t\t\t\t\t<span class=\"elementor-icon-list-text\">Desperdicio de materiales <\/span>\n\t\t\t\t\t\t\t\t\t<\/li>\n\t\t\t\t\t\t\t\t<li class=\"elementor-icon-list-item\">\n\t\t\t\t\t\t\t\t\t\t\t<span class=\"elementor-icon-list-icon\">\n\t\t\t\t\t\t\t<i aria-hidden=\"true\" class=\"fas fa-angle-right\"><\/i>\t\t\t\t\t\t<\/span>\n\t\t\t\t\t\t\t\t\t\t<span class=\"elementor-icon-list-text\">Procesos interrumpidos y paros constantes<\/span>\n\t\t\t\t\t\t\t\t\t<\/li>\n\t\t\t\t\t\t\t\t<li class=\"elementor-icon-list-item\">\n\t\t\t\t\t\t\t\t\t\t\t<span class=\"elementor-icon-list-icon\">\n\t\t\t\t\t\t\t<i aria-hidden=\"true\" class=\"fas fa-angle-right\"><\/i>\t\t\t\t\t\t<\/span>\n\t\t\t\t\t\t\t\t\t\t<span class=\"elementor-icon-list-text\">Contaminaci\u00f3n por polvo<\/span>\n\t\t\t\t\t\t\t\t\t<\/li>\n\t\t\t\t\t\t\t\t<li class=\"elementor-icon-list-item\">\n\t\t\t\t\t\t\t\t\t\t\t<span class=\"elementor-icon-list-icon\">\n\t\t\t\t\t\t\t<i aria-hidden=\"true\" class=\"fas fa-angle-right\"><\/i>\t\t\t\t\t\t<\/span>\n\t\t\t\t\t\t\t\t\t\t<span class=\"elementor-icon-list-text\">Impacto negativo en la calidad del producto<\/span>\n\t\t\t\t\t\t\t\t\t<\/li>\n\t\t\t\t\t\t\t\t<li class=\"elementor-icon-list-item\">\n\t\t\t\t\t\t\t\t\t\t\t<span class=\"elementor-icon-list-icon\">\n\t\t\t\t\t\t\t<i aria-hidden=\"true\" class=\"fas fa-angle-right\"><\/i>\t\t\t\t\t\t<\/span>\n\t\t\t\t\t\t\t\t\t\t<span class=\"elementor-icon-list-text\">Condiciones peligrosas por las descargas el\u00e9ctricas<\/span>\n\t\t\t\t\t\t\t\t\t<\/li>\n\t\t\t\t\t\t<\/ul>\n\t\t\t\t\t\t<\/div>\n\t\t\t\t<\/div>\n\t\t\t\t\t<\/div>\n\t\t<\/div>\n\t\t\t\t\t<\/div>\n\t\t<\/section>\n\t\t\t\t<section class=\"elementor-section elementor-top-section elementor-element elementor-element-6213f136 elementor-section-content-middle elementor-section-boxed elementor-section-height-default elementor-section-height-default\" data-id=\"6213f136\" data-element_type=\"section\" data-settings=\"{&quot;background_background&quot;:&quot;classic&quot;}\">\n\t\t\t\t\t\t<div class=\"elementor-container elementor-column-gap-default\">\n\t\t\t\t\t<div class=\"elementor-column elementor-col-100 elementor-top-column elementor-element elementor-element-1e04544c\" data-id=\"1e04544c\" data-element_type=\"column\">\n\t\t\t<div class=\"elementor-widget-wrap elementor-element-populated\">\n\t\t\t\t\t\t<div class=\"elementor-element elementor-element-16edc150 elementor--h-position-center elementor--v-position-middle elementor-arrows-position-inside elementor-pagination-position-inside elementor-widget elementor-widget-slides\" data-id=\"16edc150\" data-element_type=\"widget\" data-settings=\"{&quot;navigation&quot;:&quot;both&quot;,&quot;autoplay&quot;:&quot;yes&quot;,&quot;pause_on_hover&quot;:&quot;yes&quot;,&quot;pause_on_interaction&quot;:&quot;yes&quot;,&quot;autoplay_speed&quot;:5000,&quot;infinite&quot;:&quot;yes&quot;,&quot;transition&quot;:&quot;slide&quot;,&quot;transition_speed&quot;:500}\" data-widget_type=\"slides.default\">\n\t\t\t\t<div class=\"elementor-widget-container\">\n\t\t\t\t\t<style>.elementor-element-16edc150{display:none !important}<\/style>\t\t\t\t<\/div>\n\t\t\t\t<\/div>\n\t\t\t\t<div class=\"elementor-element elementor-element-7cdb6a98 elementor--h-position-center elementor--v-position-middle elementor-arrows-position-inside elementor-pagination-position-inside elementor-widget elementor-widget-slides\" data-id=\"7cdb6a98\" data-element_type=\"widget\" data-settings=\"{&quot;navigation&quot;:&quot;both&quot;,&quot;autoplay&quot;:&quot;yes&quot;,&quot;pause_on_hover&quot;:&quot;yes&quot;,&quot;pause_on_interaction&quot;:&quot;yes&quot;,&quot;autoplay_speed&quot;:5000,&quot;infinite&quot;:&quot;yes&quot;,&quot;transition&quot;:&quot;slide&quot;,&quot;transition_speed&quot;:500}\" data-no-translation=\"\" data-widget_type=\"slides.default\">\n\t\t\t\t<div class=\"elementor-widget-container\">\n\t\t\t\t\t\t\t<div class=\"elementor-swiper\">\n\t\t\t<div class=\"elementor-slides-wrapper elementor-main-swiper swiper-container\" dir=\"ltr\" data-animation=\"fadeInUp\">\n\t\t\t\t<div class=\"swiper-wrapper elementor-slides\">\n\t\t\t\t\t\t\t\t\t\t<div class=\"elementor-repeater-item-0616f54 swiper-slide\"><div class=\"swiper-slide-bg\" role=\"img\"><\/div><div class=\"swiper-slide-inner\" ><div class=\"swiper-slide-contents\"><div class=\"elementor-slide-heading\">Las descargas el\u00e9ctricas generadas por la acumulaci\u00f3n de cargas electrost\u00e1ticas a menudo causan da\u00f1os a los materiales y en diversas partes de las m\u00e1quinas.<\/div><\/div><\/div><\/div><div class=\"elementor-repeater-item-3ade1c6 swiper-slide\"><div class=\"swiper-slide-bg\" role=\"img\"><\/div><div class=\"swiper-slide-inner\" ><div class=\"swiper-slide-contents\"><div class=\"elementor-slide-heading\">Dificulta el manejo y control de ciertos materiales, lo que provoca una disminuci\u00f3n en la velocidad de los procesos.<\/div><\/div><\/div><\/div><div class=\"elementor-repeater-item-16d59fb swiper-slide\"><div class=\"swiper-slide-bg\" role=\"img\"><\/div><div class=\"swiper-slide-inner\" ><div class=\"swiper-slide-contents\"><div class=\"elementor-slide-heading\">Algunos materiales adquieren una carga de varios miles de voltios provocando descargas el\u00e9ctricas al personal, as\u00ed como incendios y explosiones.<\/div><\/div><\/div><\/div>\t\t\t\t<\/div>\n\t\t\t\t\t\t\t\t\t\t\t\t\t\t\t<div class=\"swiper-pagination\"><\/div>\n\t\t\t\t\t\t\t\t\t\t\t\t\t\t\t\t<div class=\"elementor-swiper-button elementor-swiper-button-prev\" role=\"button\" tabindex=\"0\">\n\t\t\t\t\t\t\t<i aria-hidden=\"true\" class=\"eicon-chevron-left\"><\/i>\t\t\t\t\t\t\t<span class=\"elementor-screen-only\">Previous slide<\/span>\n\t\t\t\t\t\t<\/div>\n\t\t\t\t\t\t<div class=\"elementor-swiper-button elementor-swiper-button-next\" role=\"button\" tabindex=\"0\">\n\t\t\t\t\t\t\t<i aria-hidden=\"true\" class=\"eicon-chevron-right\"><\/i>\t\t\t\t\t\t\t<span class=\"elementor-screen-only\">Next slide<\/span>\n\t\t\t\t\t\t<\/div>\n\t\t\t\t\t\t\t\t\t\t\t\t<\/div>\n\t\t<\/div>\n\t\t\t\t\t\t<\/div>\n\t\t\t\t<\/div>\n\t\t\t\t<div class=\"elementor-element elementor-element-590fa939 elementor-widget elementor-widget-eael-creative-button\" data-id=\"590fa939\" data-element_type=\"widget\" data-widget_type=\"eael-creative-button.default\">\n\t\t\t\t<div class=\"elementor-widget-container\">\n\t\t\t\t\t<style>.elementor-element-590fa939{display:none !important}<\/style>\t\t\t\t<\/div>\n\t\t\t\t<\/div>\n\t\t\t\t<div class=\"elementor-element elementor-element-765a02c7 elementor-widget elementor-widget-eael-creative-button\" data-id=\"765a02c7\" data-element_type=\"widget\" data-no-translation=\"\" data-widget_type=\"eael-creative-button.default\">\n\t\t\t\t<div class=\"elementor-widget-container\">\n\t\t\t\t\t        <div class=\"eael-creative-button-wrapper\">\n\n            <a class=\"eael-creative-button eael-creative-button--default\" href=\"https:\/\/www.indestec.net\/es_mx\/contact\/\" data-text=\"\">\n            \t    \n                <div class=\"creative-button-inner\">\n\n                    \n                    <span class=\"cretive-button-text\">M\u00e1s informaci\u00f3n<\/span>\n\n                                    <\/div>\n\t                        <\/a>\n        <\/div>\n        \t\t\t\t<\/div>\n\t\t\t\t<\/div>\n\t\t\t\t\t<\/div>\n\t\t<\/div>\n\t\t\t\t\t<\/div>\n\t\t<\/section>\n\t\t\t\t<\/div>","protected":false},"excerpt":{"rendered":"<p>\u00bfQu\u00e9 es la est\u00e1tica? A Crucial Challenge in Manufacturing Processes. El mayor problema de los procesos de manufactura. Static electricity refers to the build-up of stationary positive or negative electrostatic charges resulting from friction, as well as from the contact and separation of various materials. La electricidad est\u00e1tica es la acumulaci\u00f3n de carga electrost\u00e1tica positiva [&hellip;]<\/p>","protected":false},"author":1,"featured_media":0,"parent":0,"menu_order":0,"comment_status":"closed","ping_status":"closed","template":"elementor_header_footer","meta":{"footnotes":""},"class_list":["post-51","page","type-page","status-publish","hentry"],"yoast_head":"<!-- This site is optimized with the Yoast SEO plugin v27.2 - https:\/\/yoast.com\/product\/yoast-seo-wordpress\/ -->\n<title>What&#039;s Static | Indestec<\/title>\n<meta name=\"robots\" content=\"index, follow, max-snippet:-1, max-image-preview:large, max-video-preview:-1\" \/>\n<link rel=\"canonical\" href=\"https:\/\/indestec.net\/es_mx\/whats-static\/\" \/>\n<meta property=\"og:locale\" content=\"es_MX\" \/>\n<meta property=\"og:type\" content=\"article\" \/>\n<meta property=\"og:title\" content=\"What&#039;s Static | Indestec\" \/>\n<meta property=\"og:description\" content=\"\u00bfQu\u00e9 es la est\u00e1tica? A Crucial Challenge in Manufacturing Processes. El mayor problema de los procesos de manufactura. Static electricity refers to the build-up of stationary positive or negative electrostatic charges resulting from friction, as well as from the contact and separation of various materials. La electricidad est\u00e1tica es la acumulaci\u00f3n de carga electrost\u00e1tica positiva [&hellip;]\" \/>\n<meta property=\"og:url\" content=\"https:\/\/indestec.net\/es_mx\/whats-static\/\" \/>\n<meta property=\"og:site_name\" content=\"Indestec\" \/>\n<meta property=\"article:modified_time\" content=\"2024-02-22T18:31:16+00:00\" \/>\n<meta property=\"og:image\" content=\"https:\/\/indestec.net\/wp-content\/uploads\/2023\/04\/Static-problema-problem-estatica-estatica-solucion-solution-industry-operation-industria-proceso-process-1-2.jpg\" \/>\n<meta name=\"twitter:card\" content=\"summary_large_image\" \/>\n<meta name=\"twitter:label1\" content=\"Tiempo de lectura\" \/>\n\t<meta name=\"twitter:data1\" content=\"3 minutos\" \/>\n<script type=\"application\/ld+json\" class=\"yoast-schema-graph\">{\"@context\":\"https:\/\/schema.org\",\"@graph\":[{\"@type\":\"WebPage\",\"@id\":\"https:\/\/indestec.net\/es_mx\/whats-static\/\",\"url\":\"https:\/\/indestec.net\/es_mx\/whats-static\/\",\"name\":\"What's Static | Indestec\",\"isPartOf\":{\"@id\":\"https:\/\/indestec.net\/#website\"},\"primaryImageOfPage\":{\"@id\":\"https:\/\/indestec.net\/es_mx\/whats-static\/#primaryimage\"},\"image\":{\"@id\":\"https:\/\/indestec.net\/es_mx\/whats-static\/#primaryimage\"},\"thumbnailUrl\":\"https:\/\/indestec.net\/wp-content\/uploads\/2023\/04\/Static-problema-problem-estatica-estatica-solucion-solution-industry-operation-industria-proceso-process-1-2.jpg\",\"datePublished\":\"2023-04-07T23:45:56+00:00\",\"dateModified\":\"2024-02-22T18:31:16+00:00\",\"breadcrumb\":{\"@id\":\"https:\/\/indestec.net\/es_mx\/whats-static\/#breadcrumb\"},\"inLanguage\":\"es\",\"potentialAction\":[{\"@type\":\"ReadAction\",\"target\":[\"https:\/\/indestec.net\/es_mx\/whats-static\/\"]}]},{\"@type\":\"ImageObject\",\"inLanguage\":\"es\",\"@id\":\"https:\/\/indestec.net\/es_mx\/whats-static\/#primaryimage\",\"url\":\"https:\/\/indestec.net\/wp-content\/uploads\/2023\/04\/Static-problema-problem-estatica-estatica-solucion-solution-industry-operation-industria-proceso-process-1-2.jpg\",\"contentUrl\":\"https:\/\/indestec.net\/wp-content\/uploads\/2023\/04\/Static-problema-problem-estatica-estatica-solucion-solution-industry-operation-industria-proceso-process-1-2.jpg\"},{\"@type\":\"BreadcrumbList\",\"@id\":\"https:\/\/indestec.net\/es_mx\/whats-static\/#breadcrumb\",\"itemListElement\":[{\"@type\":\"ListItem\",\"position\":1,\"name\":\"Inicio\",\"item\":\"https:\/\/indestec.net\/\"},{\"@type\":\"ListItem\",\"position\":2,\"name\":\"What&#8217;s Static\"}]},{\"@type\":\"WebSite\",\"@id\":\"https:\/\/indestec.net\/#website\",\"url\":\"https:\/\/indestec.net\/\",\"name\":\"INDESTEC\",\"description\":\"NUMBER ONE MANUFACTURER OF STATIC ELIMINATORS\",\"publisher\":{\"@id\":\"https:\/\/indestec.net\/#organization\"},\"alternateName\":\"Contamos con diferentes distribuidores alrededor del mundo.\",\"potentialAction\":[{\"@type\":\"SearchAction\",\"target\":{\"@type\":\"EntryPoint\",\"urlTemplate\":\"https:\/\/indestec.net\/?s={search_term_string}\"},\"query-input\":{\"@type\":\"PropertyValueSpecification\",\"valueRequired\":true,\"valueName\":\"search_term_string\"}}],\"inLanguage\":\"es\"},{\"@type\":\"Organization\",\"@id\":\"https:\/\/indestec.net\/#organization\",\"name\":\"INDESTEC\",\"url\":\"https:\/\/indestec.net\/\",\"logo\":{\"@type\":\"ImageObject\",\"inLanguage\":\"es\",\"@id\":\"https:\/\/indestec.net\/#\/schema\/logo\/image\/\",\"url\":\"https:\/\/indestec.net\/wp-content\/uploads\/2023\/04\/Logo-color-Azul-RGB.jpg\",\"contentUrl\":\"https:\/\/indestec.net\/wp-content\/uploads\/2023\/04\/Logo-color-Azul-RGB.jpg\",\"width\":1432,\"height\":199,\"caption\":\"INDESTEC\"},\"image\":{\"@id\":\"https:\/\/indestec.net\/#\/schema\/logo\/image\/\"}}]}<\/script>\n<!-- \/ Yoast SEO plugin. -->","yoast_head_json":{"title":"What's Static | Indestec","robots":{"index":"index","follow":"follow","max-snippet":"max-snippet:-1","max-image-preview":"max-image-preview:large","max-video-preview":"max-video-preview:-1"},"canonical":"https:\/\/indestec.net\/es_mx\/whats-static\/","og_locale":"es_MX","og_type":"article","og_title":"What's Static | Indestec","og_description":"\u00bfQu\u00e9 es la est\u00e1tica? A Crucial Challenge in Manufacturing Processes. El mayor problema de los procesos de manufactura. Static electricity refers to the build-up of stationary positive or negative electrostatic charges resulting from friction, as well as from the contact and separation of various materials. La electricidad est\u00e1tica es la acumulaci\u00f3n de carga electrost\u00e1tica positiva [&hellip;]","og_url":"https:\/\/indestec.net\/es_mx\/whats-static\/","og_site_name":"Indestec","article_modified_time":"2024-02-22T18:31:16+00:00","og_image":[{"url":"https:\/\/indestec.net\/wp-content\/uploads\/2023\/04\/Static-problema-problem-estatica-estatica-solucion-solution-industry-operation-industria-proceso-process-1-2.jpg","type":"","width":"","height":""}],"twitter_card":"summary_large_image","twitter_misc":{"Tiempo de lectura":"3 minutos"},"schema":{"@context":"https:\/\/schema.org","@graph":[{"@type":"WebPage","@id":"https:\/\/indestec.net\/es_mx\/whats-static\/","url":"https:\/\/indestec.net\/es_mx\/whats-static\/","name":"What's Static | Indestec","isPartOf":{"@id":"https:\/\/indestec.net\/#website"},"primaryImageOfPage":{"@id":"https:\/\/indestec.net\/es_mx\/whats-static\/#primaryimage"},"image":{"@id":"https:\/\/indestec.net\/es_mx\/whats-static\/#primaryimage"},"thumbnailUrl":"https:\/\/indestec.net\/wp-content\/uploads\/2023\/04\/Static-problema-problem-estatica-estatica-solucion-solution-industry-operation-industria-proceso-process-1-2.jpg","datePublished":"2023-04-07T23:45:56+00:00","dateModified":"2024-02-22T18:31:16+00:00","breadcrumb":{"@id":"https:\/\/indestec.net\/es_mx\/whats-static\/#breadcrumb"},"inLanguage":"es","potentialAction":[{"@type":"ReadAction","target":["https:\/\/indestec.net\/es_mx\/whats-static\/"]}]},{"@type":"ImageObject","inLanguage":"es","@id":"https:\/\/indestec.net\/es_mx\/whats-static\/#primaryimage","url":"https:\/\/indestec.net\/wp-content\/uploads\/2023\/04\/Static-problema-problem-estatica-estatica-solucion-solution-industry-operation-industria-proceso-process-1-2.jpg","contentUrl":"https:\/\/indestec.net\/wp-content\/uploads\/2023\/04\/Static-problema-problem-estatica-estatica-solucion-solution-industry-operation-industria-proceso-process-1-2.jpg"},{"@type":"BreadcrumbList","@id":"https:\/\/indestec.net\/es_mx\/whats-static\/#breadcrumb","itemListElement":[{"@type":"ListItem","position":1,"name":"Inicio","item":"https:\/\/indestec.net\/"},{"@type":"ListItem","position":2,"name":"What&#8217;s Static"}]},{"@type":"WebSite","@id":"https:\/\/indestec.net\/#website","url":"https:\/\/indestec.net\/","name":"INDESTEC","description":"NUMBER ONE MANUFACTURER OF STATIC ELIMINATORS","publisher":{"@id":"https:\/\/indestec.net\/#organization"},"alternateName":"Contamos con diferentes distribuidores alrededor del mundo.","potentialAction":[{"@type":"SearchAction","target":{"@type":"EntryPoint","urlTemplate":"https:\/\/indestec.net\/?s={search_term_string}"},"query-input":{"@type":"PropertyValueSpecification","valueRequired":true,"valueName":"search_term_string"}}],"inLanguage":"es"},{"@type":"Organization","@id":"https:\/\/indestec.net\/#organization","name":"INDESTEC","url":"https:\/\/indestec.net\/","logo":{"@type":"ImageObject","inLanguage":"es","@id":"https:\/\/indestec.net\/#\/schema\/logo\/image\/","url":"https:\/\/indestec.net\/wp-content\/uploads\/2023\/04\/Logo-color-Azul-RGB.jpg","contentUrl":"https:\/\/indestec.net\/wp-content\/uploads\/2023\/04\/Logo-color-Azul-RGB.jpg","width":1432,"height":199,"caption":"INDESTEC"},"image":{"@id":"https:\/\/indestec.net\/#\/schema\/logo\/image\/"}}]}},"_links":{"self":[{"href":"https:\/\/indestec.net\/es_mx\/wp-json\/wp\/v2\/pages\/51","targetHints":{"allow":["GET"]}}],"collection":[{"href":"https:\/\/indestec.net\/es_mx\/wp-json\/wp\/v2\/pages"}],"about":[{"href":"https:\/\/indestec.net\/es_mx\/wp-json\/wp\/v2\/types\/page"}],"author":[{"embeddable":true,"href":"https:\/\/indestec.net\/es_mx\/wp-json\/wp\/v2\/users\/1"}],"replies":[{"embeddable":true,"href":"https:\/\/indestec.net\/es_mx\/wp-json\/wp\/v2\/comments?post=51"}],"version-history":[{"count":62,"href":"https:\/\/indestec.net\/es_mx\/wp-json\/wp\/v2\/pages\/51\/revisions"}],"predecessor-version":[{"id":5871,"href":"https:\/\/indestec.net\/es_mx\/wp-json\/wp\/v2\/pages\/51\/revisions\/5871"}],"wp:attachment":[{"href":"https:\/\/indestec.net\/es_mx\/wp-json\/wp\/v2\/media?parent=51"}],"curies":[{"name":"wp","href":"https:\/\/api.w.org\/{rel}","templated":true}]}}