{"id":41,"date":"2023-04-07T23:45:49","date_gmt":"2023-04-07T23:45:49","guid":{"rendered":"https:\/\/indestec.net\/benefits\/"},"modified":"2024-02-22T19:00:10","modified_gmt":"2024-02-22T19:00:10","slug":"benefits","status":"publish","type":"page","link":"https:\/\/indestec.net\/es_mx\/benefits\/","title":{"rendered":"Benefits"},"content":{"rendered":"<div data-elementor-type=\"wp-page\" data-elementor-id=\"41\" class=\"elementor elementor-41\" data-elementor-post-type=\"page\">\n\t\t\t\t\t\t<section class=\"elementor-section elementor-top-section elementor-element elementor-element-4e1fb9ad elementor-section-height-min-height elementor-section-boxed elementor-section-height-default elementor-section-items-middle\" data-id=\"4e1fb9ad\" data-element_type=\"section\" data-settings=\"{&quot;background_background&quot;:&quot;classic&quot;}\">\n\t\t\t\t\t\t<div class=\"elementor-container elementor-column-gap-no\">\n\t\t\t\t\t<div class=\"elementor-column elementor-col-100 elementor-top-column elementor-element elementor-element-505ba130\" data-id=\"505ba130\" data-element_type=\"column\">\n\t\t\t<div class=\"elementor-widget-wrap elementor-element-populated\">\n\t\t\t\t\t\t<div class=\"elementor-element elementor-element-624ab93e elementor-widget elementor-widget-text-editor\" data-id=\"624ab93e\" data-element_type=\"widget\" data-widget_type=\"text-editor.default\">\n\t\t\t\t<div class=\"elementor-widget-container\">\n\t\t\t\t\t<style>.elementor-element-624ab93e{display:none !important}<\/style>\t\t\t\t<\/div>\n\t\t\t\t<\/div>\n\t\t\t\t<div class=\"elementor-element elementor-element-18066c71 elementor-widget elementor-widget-text-editor\" data-id=\"18066c71\" data-element_type=\"widget\" data-no-translation=\"\" data-widget_type=\"text-editor.default\">\n\t\t\t\t<div class=\"elementor-widget-container\">\n\t\t\t\t\t\t\t\t\t<p>Nuestros Beneficios<\/p>\t\t\t\t\t\t\t\t<\/div>\n\t\t\t\t<\/div>\n\t\t\t\t<div class=\"elementor-element elementor-element-6112df1e elementor-widget-divider--view-line elementor-widget elementor-widget-divider\" data-id=\"6112df1e\" data-element_type=\"widget\" data-widget_type=\"divider.default\">\n\t\t\t\t<div class=\"elementor-widget-container\">\n\t\t\t\t\t\t\t<div class=\"elementor-divider\">\n\t\t\t<span class=\"elementor-divider-separator\">\n\t\t\t\t\t\t<\/span>\n\t\t<\/div>\n\t\t\t\t\t\t<\/div>\n\t\t\t\t<\/div>\n\t\t\t\t\t<\/div>\n\t\t<\/div>\n\t\t\t\t\t<\/div>\n\t\t<\/section>\n\t\t\t\t<section class=\"elementor-section elementor-top-section elementor-element elementor-element-5ec12a10 elementor-section-boxed elementor-section-height-default elementor-section-height-default\" data-id=\"5ec12a10\" data-element_type=\"section\" data-settings=\"{&quot;background_background&quot;:&quot;classic&quot;}\">\n\t\t\t\t\t\t<div class=\"elementor-container elementor-column-gap-default\">\n\t\t\t\t\t<div class=\"elementor-column elementor-col-33 elementor-top-column elementor-element elementor-element-46f74c72\" data-id=\"46f74c72\" data-element_type=\"column\">\n\t\t\t<div class=\"elementor-widget-wrap elementor-element-populated\">\n\t\t\t\t\t\t<div class=\"elementor-element elementor-element-406e401d elementor-vertical-align-top elementor-widget elementor-widget-image-box\" data-id=\"406e401d\" data-element_type=\"widget\" data-widget_type=\"image-box.default\">\n\t\t\t\t<div class=\"elementor-widget-container\">\n\t\t\t\t\t<style>.elementor-element-406e401d{display:none !important}<\/style>\t\t\t\t<\/div>\n\t\t\t\t<\/div>\n\t\t\t\t<div class=\"elementor-element elementor-element-49d5e91e elementor-vertical-align-top elementor-widget elementor-widget-image-box\" data-id=\"49d5e91e\" data-element_type=\"widget\" data-no-translation=\"\" data-widget_type=\"image-box.default\">\n\t\t\t\t<div class=\"elementor-widget-container\">\n\t\t\t\t\t<div class=\"elementor-image-box-wrapper\"><div class=\"elementor-image-box-content\"><h3 class=\"elementor-image-box-title\">EFICIENCIA <\/h3><\/div><\/div>\t\t\t\t<\/div>\n\t\t\t\t<\/div>\n\t\t\t\t\t<\/div>\n\t\t<\/div>\n\t\t\t\t<div class=\"elementor-column elementor-col-33 elementor-top-column elementor-element elementor-element-38364551\" data-id=\"38364551\" data-element_type=\"column\">\n\t\t\t<div class=\"elementor-widget-wrap elementor-element-populated\">\n\t\t\t\t\t\t<div class=\"elementor-element elementor-element-71297fca elementor-vertical-align-top elementor-widget elementor-widget-image-box\" data-id=\"71297fca\" data-element_type=\"widget\" data-widget_type=\"image-box.default\">\n\t\t\t\t<div class=\"elementor-widget-container\">\n\t\t\t\t\t<style>.elementor-element-71297fca{display:none !important}<\/style>\t\t\t\t<\/div>\n\t\t\t\t<\/div>\n\t\t\t\t<div class=\"elementor-element elementor-element-5b6ce5 elementor-vertical-align-top elementor-widget elementor-widget-image-box\" data-id=\"5b6ce5\" data-element_type=\"widget\" data-no-translation=\"\" data-widget_type=\"image-box.default\">\n\t\t\t\t<div class=\"elementor-widget-container\">\n\t\t\t\t\t<div class=\"elementor-image-box-wrapper\"><div class=\"elementor-image-box-content\"><h3 class=\"elementor-image-box-title\">CALIDAD<\/h3><\/div><\/div>\t\t\t\t<\/div>\n\t\t\t\t<\/div>\n\t\t\t\t\t<\/div>\n\t\t<\/div>\n\t\t\t\t<div class=\"elementor-column elementor-col-33 elementor-top-column elementor-element elementor-element-3ab85594\" data-id=\"3ab85594\" data-element_type=\"column\">\n\t\t\t<div class=\"elementor-widget-wrap elementor-element-populated\">\n\t\t\t\t\t\t<div class=\"elementor-element elementor-element-592698e4 elementor-vertical-align-top elementor-widget elementor-widget-image-box\" data-id=\"592698e4\" data-element_type=\"widget\" data-widget_type=\"image-box.default\">\n\t\t\t\t<div class=\"elementor-widget-container\">\n\t\t\t\t\t<style>.elementor-element-592698e4{display:none !important}<\/style>\t\t\t\t<\/div>\n\t\t\t\t<\/div>\n\t\t\t\t<div class=\"elementor-element elementor-element-333310ea elementor-vertical-align-top elementor-widget elementor-widget-image-box\" data-id=\"333310ea\" data-element_type=\"widget\" data-no-translation=\"\" data-widget_type=\"image-box.default\">\n\t\t\t\t<div class=\"elementor-widget-container\">\n\t\t\t\t\t<div class=\"elementor-image-box-wrapper\"><div class=\"elementor-image-box-content\"><h3 class=\"elementor-image-box-title\">SEGURIDAD<\/h3><\/div><\/div>\t\t\t\t<\/div>\n\t\t\t\t<\/div>\n\t\t\t\t\t<\/div>\n\t\t<\/div>\n\t\t\t\t\t<\/div>\n\t\t<\/section>\n\t\t\t\t<section class=\"elementor-section elementor-top-section elementor-element elementor-element-11a102ef elementor-section-content-middle elementor-section-boxed elementor-section-height-default elementor-section-height-default\" data-id=\"11a102ef\" data-element_type=\"section\" data-settings=\"{&quot;background_background&quot;:&quot;classic&quot;}\">\n\t\t\t\t\t\t<div class=\"elementor-container elementor-column-gap-default\">\n\t\t\t\t\t<div class=\"elementor-column elementor-col-100 elementor-top-column elementor-element elementor-element-7942e280\" data-id=\"7942e280\" data-element_type=\"column\">\n\t\t\t<div class=\"elementor-widget-wrap elementor-element-populated\">\n\t\t\t\t\t\t<div class=\"elementor-element elementor-element-b7d740e elementor-widget elementor-widget-heading\" data-id=\"b7d740e\" data-element_type=\"widget\" data-widget_type=\"heading.default\">\n\t\t\t\t<div class=\"elementor-widget-container\">\n\t\t\t\t\t<style>.elementor-element-b7d740e{display:none !important}<\/style>\t\t\t\t<\/div>\n\t\t\t\t<\/div>\n\t\t\t\t<div class=\"elementor-element elementor-element-52bdc13e elementor-widget elementor-widget-heading\" data-id=\"52bdc13e\" data-element_type=\"widget\" data-no-translation=\"\" data-widget_type=\"heading.default\">\n\t\t\t\t<div class=\"elementor-widget-container\">\n\t\t\t\t\t<h2 class=\"elementor-heading-title elementor-size-default\">El EQUIPO ELIMINADOR DE EST\u00c1TICA INDESTEC\u2122 es una de las formas m\u00e1s efectivas de eliminar la est\u00e1tica en procesos continuos de fabricaci\u00f3n de textiles, pl\u00e1sticos, pel\u00edculas, papel, vidrio y otros materiales, donde la separaci\u00f3n-contacto y la fricci\u00f3n provocan acumulaci\u00f3n de cargas est\u00e1ticas en sus superficies.<\/h2>\t\t\t\t<\/div>\n\t\t\t\t<\/div>\n\t\t\t\t<div class=\"elementor-element elementor-element-494b1027 elementor-mobile-align-center elementor-widget elementor-widget-button\" data-id=\"494b1027\" data-element_type=\"widget\" data-widget_type=\"button.default\">\n\t\t\t\t<div class=\"elementor-widget-container\">\n\t\t\t\t\t<style>.elementor-element-494b1027{display:none !important}<\/style>\t\t\t\t<\/div>\n\t\t\t\t<\/div>\n\t\t\t\t<div class=\"elementor-element elementor-element-47411dd3 elementor-mobile-align-center elementor-widget elementor-widget-button\" data-id=\"47411dd3\" data-element_type=\"widget\" data-no-translation=\"\" data-widget_type=\"button.default\">\n\t\t\t\t<div class=\"elementor-widget-container\">\n\t\t\t\t\t\t\t\t\t<div class=\"elementor-button-wrapper\">\n\t\t\t\t\t<a class=\"elementor-button elementor-button-link elementor-size-sm\" href=\"https:\/\/www.indestec.net\/es_mx\/contact\/\">\n\t\t\t\t\t\t<span class=\"elementor-button-content-wrapper\">\n\t\t\t\t\t\t\t\t\t<span class=\"elementor-button-text\">CONOCER M\u00c1S<\/span>\n\t\t\t\t\t<\/span>\n\t\t\t\t\t<\/a>\n\t\t\t\t<\/div>\n\t\t\t\t\t\t\t\t<\/div>\n\t\t\t\t<\/div>\n\t\t\t\t\t<\/div>\n\t\t<\/div>\n\t\t\t\t\t<\/div>\n\t\t<\/section>\n\t\t\t\t<section class=\"elementor-section elementor-top-section elementor-element elementor-element-6a3c3782 elementor-section-boxed elementor-section-height-default elementor-section-height-default\" data-id=\"6a3c3782\" data-element_type=\"section\" data-settings=\"{&quot;background_background&quot;:&quot;classic&quot;}\">\n\t\t\t\t\t\t<div class=\"elementor-container elementor-column-gap-no\">\n\t\t\t\t\t<div class=\"elementor-column elementor-col-100 elementor-top-column elementor-element elementor-element-371fe6bf\" data-id=\"371fe6bf\" data-element_type=\"column\">\n\t\t\t<div class=\"elementor-widget-wrap elementor-element-populated\">\n\t\t\t\t\t\t<div class=\"elementor-element elementor-element-74c09a elementor-widget elementor-widget-heading\" data-id=\"74c09a\" data-element_type=\"widget\" data-widget_type=\"heading.default\">\n\t\t\t\t<div class=\"elementor-widget-container\">\n\t\t\t\t\t<style>.elementor-element-74c09a{display:none !important}<\/style>\t\t\t\t<\/div>\n\t\t\t\t<\/div>\n\t\t\t\t<div class=\"elementor-element elementor-element-3887549f elementor-widget elementor-widget-heading\" data-id=\"3887549f\" data-element_type=\"widget\" data-no-translation=\"\" data-widget_type=\"heading.default\">\n\t\t\t\t<div class=\"elementor-widget-container\">\n\t\t\t\t\t<h4 class=\"elementor-heading-title elementor-size-default\">Beneficios de los Eliminadores de est\u00e1tica INDESTEC:<\/h4>\t\t\t\t<\/div>\n\t\t\t\t<\/div>\n\t\t\t\t<div class=\"elementor-element elementor-element-50f059c3 elementor-widget elementor-widget-text-editor\" data-id=\"50f059c3\" data-element_type=\"widget\" data-widget_type=\"text-editor.default\">\n\t\t\t\t<div class=\"elementor-widget-container\">\n\t\t\t\t\t<style>.elementor-element-50f059c3{display:none !important}<\/style>\t\t\t\t<\/div>\n\t\t\t\t<\/div>\n\t\t\t\t<div class=\"elementor-element elementor-element-13efcd7d elementor-widget elementor-widget-text-editor\" data-id=\"13efcd7d\" data-element_type=\"widget\" data-no-translation=\"\" data-widget_type=\"text-editor.default\">\n\t\t\t\t<div class=\"elementor-widget-container\">\n\t\t\t\t\t\t\t\t\t<p style=\"text-align: left;\">Evitar la contaminaci\u00f3n por polvo en el material.<\/p><p style=\"text-align: left;\">Facilitar el manejo de materiales.<\/p><p style=\"text-align: left;\">Evitar que el material se atasque en las correas y los rodillos.<\/p><p style=\"text-align: left;\">Incrementar el volumen en la producci\u00f3n.<\/p><p style=\"text-align: left;\">Seguridad del personal y de los procesos.<\/p>\t\t\t\t\t\t\t\t<\/div>\n\t\t\t\t<\/div>\n\t\t\t\t<section class=\"elementor-section elementor-inner-section elementor-element elementor-element-74ac65ec elementor-section-content-middle elementor-reverse-mobile elementor-section-boxed elementor-section-height-default elementor-section-height-default\" data-id=\"74ac65ec\" data-element_type=\"section\">\n\t\t\t\t\t\t<div class=\"elementor-container elementor-column-gap-no\">\n\t\t\t\t\t<div class=\"elementor-column elementor-col-100 elementor-inner-column elementor-element elementor-element-5bb730d4\" data-id=\"5bb730d4\" data-element_type=\"column\">\n\t\t\t<div class=\"elementor-widget-wrap elementor-element-populated\">\n\t\t\t\t\t\t<div class=\"elementor-element elementor-element-7605ca30 elementor-widget elementor-widget-heading\" data-id=\"7605ca30\" data-element_type=\"widget\" data-widget_type=\"heading.default\">\n\t\t\t\t<div class=\"elementor-widget-container\">\n\t\t\t\t\t<style>.elementor-element-7605ca30{display:none !important}<\/style>\t\t\t\t<\/div>\n\t\t\t\t<\/div>\n\t\t\t\t<div class=\"elementor-element elementor-element-4f964cf8 elementor-widget elementor-widget-heading\" data-id=\"4f964cf8\" data-element_type=\"widget\" data-no-translation=\"\" data-widget_type=\"heading.default\">\n\t\t\t\t<div class=\"elementor-widget-container\">\n\t\t\t\t\t<h4 class=\"elementor-heading-title elementor-size-default\">Procesos que optimizan la fabricaci\u00f3n de pel\u00edculas, pl\u00e1sticos, componentes electr\u00f3nicos, imprenta, papel, textiles, vidrio, entre otros.<span style=\"font-size: 28px\"><\/span><div><span style=\"font-size: 38px\"><\/span><\/div><\/h4>\t\t\t\t<\/div>\n\t\t\t\t<\/div>\n\t\t\t\t<div class=\"elementor-element elementor-element-3faa725b elementor-widget elementor-widget-text-editor\" data-id=\"3faa725b\" data-element_type=\"widget\" data-widget_type=\"text-editor.default\">\n\t\t\t\t<div class=\"elementor-widget-container\">\n\t\t\t\t\t<style>.elementor-element-3faa725b{display:none !important}<\/style>\t\t\t\t<\/div>\n\t\t\t\t<\/div>\n\t\t\t\t\t<\/div>\n\t\t<\/div>\n\t\t\t\t\t<\/div>\n\t\t<\/section>\n\t\t\t\t<div class=\"elementor-element elementor-element-21e7750d elementor-widget elementor-widget-heading\" data-id=\"21e7750d\" data-element_type=\"widget\" data-widget_type=\"heading.default\">\n\t\t\t\t<div class=\"elementor-widget-container\">\n\t\t\t\t\t<style>.elementor-element-21e7750d{display:none !important}<\/style>\t\t\t\t<\/div>\n\t\t\t\t<\/div>\n\t\t\t\t<section class=\"elementor-section elementor-inner-section elementor-element elementor-element-6f5d0a59 elementor-section-content-middle elementor-section-boxed elementor-section-height-default elementor-section-height-default\" data-id=\"6f5d0a59\" data-element_type=\"section\">\n\t\t\t\t\t\t<div class=\"elementor-container elementor-column-gap-no\">\n\t\t\t\t\t<div class=\"elementor-column elementor-col-100 elementor-inner-column elementor-element elementor-element-6881c90\" data-id=\"6881c90\" data-element_type=\"column\">\n\t\t\t<div class=\"elementor-widget-wrap elementor-element-populated\">\n\t\t\t\t\t\t<div class=\"elementor-element elementor-element-7245a911 elementor-widget elementor-widget-heading\" data-id=\"7245a911\" data-element_type=\"widget\" data-no-translation=\"\" data-widget_type=\"heading.default\">\n\t\t\t\t<div class=\"elementor-widget-container\">\n\t\t\t\t\t<h4 class=\"elementor-heading-title elementor-size-default\">Las caracter\u00edsticas t\u00e9cnicas del Eliminador de Est\u00e1tica incluyen<\/h4>\t\t\t\t<\/div>\n\t\t\t\t<\/div>\n\t\t\t\t<div class=\"elementor-element elementor-element-1acb641f elementor-widget elementor-widget-text-editor\" data-id=\"1acb641f\" data-element_type=\"widget\" data-widget_type=\"text-editor.default\">\n\t\t\t\t<div class=\"elementor-widget-container\">\n\t\t\t\t\t<style>.elementor-element-1acb641f{display:none !important}<\/style>\t\t\t\t<\/div>\n\t\t\t\t<\/div>\n\t\t\t\t<div class=\"elementor-element elementor-element-3520b922 elementor-widget elementor-widget-text-editor\" data-id=\"3520b922\" data-element_type=\"widget\" data-no-translation=\"\" data-widget_type=\"text-editor.default\">\n\t\t\t\t<div class=\"elementor-widget-container\">\n\t\t\t\t\t\t\t\t\t<div id=\"Content\"><div class=\"boxed\"><div id=\"lipsum\"><p class=\"font_8\" style=\"text-align: center;\">Alta eficiencia, asegurando una eliminaci\u00f3n efectiva de la est\u00e1tica.<\/p><p class=\"font_8\" style=\"text-align: center;\">Operaci\u00f3n sin descargas el\u00e9ctricas, priorizando la seguridad del personal.<\/p><p class=\"font_8\" style=\"text-align: center;\">Gran distancia de acci\u00f3n, permitiendo una eliminaci\u00f3n efectiva de la est\u00e1tica a distancia.<\/p><p class=\"font_8\" style=\"text-align: center;\">Capacidad de descarga el\u00e9ctrica de alta velocidad, neutralizando r\u00e1pidamente las cargas est\u00e1ticas.<\/p><p class=\"font_8\" style=\"text-align: center;\">Larga duraci\u00f3n de efectividad, proporcionando un control continuo de la est\u00e1tica.<\/p><p class=\"font_8\" style=\"text-align: center;\">Dise\u00f1o sin necesidad de mantenimiento, reduciendo el tiempo de inactividad operativo y los costos.<\/p><p class=\"font_8\" style=\"text-align: center;\">Bajo consumo de energ\u00eda, promoviendo la eficiencia energ\u00e9tica y el ahorro de costos.<\/p><\/div><\/div><\/div>\t\t\t\t\t\t\t\t<\/div>\n\t\t\t\t<\/div>\n\t\t\t\t\t<\/div>\n\t\t<\/div>\n\t\t\t\t\t<\/div>\n\t\t<\/section>\n\t\t\t\t\t<\/div>\n\t\t<\/div>\n\t\t\t\t\t<\/div>\n\t\t<\/section>\n\t\t\t\t<\/div>","protected":false},"excerpt":{"rendered":"<p>Our Benefits Nuestros Beneficios EFICIENCIA CALIDAD SEGURIDAD El EQUIPO ELIMINADOR DE EST\u00c1TICA INDESTEC\u2122 es una de las formas m\u00e1s efectivas de eliminar la est\u00e1tica en procesos continuos de fabricaci\u00f3n de textiles, pl\u00e1sticos, pel\u00edculas, papel, vidrio y otros materiales, donde la separaci\u00f3n-contacto y la fricci\u00f3n provocan acumulaci\u00f3n de cargas est\u00e1ticas en sus superficies. CONOCER M\u00c1S Beneficios [&hellip;]<\/p>","protected":false},"author":1,"featured_media":0,"parent":0,"menu_order":0,"comment_status":"closed","ping_status":"closed","template":"elementor_header_footer","meta":{"footnotes":""},"class_list":["post-41","page","type-page","status-publish","hentry"],"yoast_head":"<!-- This site is optimized with the Yoast SEO plugin v27.2 - https:\/\/yoast.com\/product\/yoast-seo-wordpress\/ -->\n<title>Benefits | Indestec<\/title>\n<meta name=\"robots\" content=\"index, follow, max-snippet:-1, max-image-preview:large, max-video-preview:-1\" \/>\n<link rel=\"canonical\" href=\"https:\/\/indestec.net\/es_mx\/benefits\/\" \/>\n<meta property=\"og:locale\" content=\"es_MX\" \/>\n<meta property=\"og:type\" content=\"article\" \/>\n<meta property=\"og:title\" content=\"Benefits | Indestec\" \/>\n<meta property=\"og:description\" content=\"Our Benefits Nuestros Beneficios EFICIENCIA CALIDAD SEGURIDAD El EQUIPO ELIMINADOR DE EST\u00c1TICA INDESTEC\u2122 es una de las formas m\u00e1s efectivas de eliminar la est\u00e1tica en procesos continuos de fabricaci\u00f3n de textiles, pl\u00e1sticos, pel\u00edculas, papel, vidrio y otros materiales, donde la separaci\u00f3n-contacto y la fricci\u00f3n provocan acumulaci\u00f3n de cargas est\u00e1ticas en sus superficies. CONOCER M\u00c1S Beneficios [&hellip;]\" \/>\n<meta property=\"og:url\" content=\"https:\/\/indestec.net\/es_mx\/benefits\/\" \/>\n<meta property=\"og:site_name\" content=\"Indestec\" \/>\n<meta property=\"article:modified_time\" content=\"2024-02-22T19:00:10+00:00\" \/>\n<meta property=\"og:image\" content=\"https:\/\/indestec.net\/wp-content\/uploads\/2023\/04\/Clientes-clients-business-negocios-venta-internacional-importacion-exportacion-exportation-indestec-.jpg\" \/>\n\t<meta property=\"og:image:width\" content=\"1397\" \/>\n\t<meta property=\"og:image:height\" content=\"710\" \/>\n\t<meta property=\"og:image:type\" content=\"image\/jpeg\" \/>\n<meta name=\"twitter:card\" content=\"summary_large_image\" \/>\n<meta name=\"twitter:label1\" content=\"Tiempo de lectura\" \/>\n\t<meta name=\"twitter:data1\" content=\"2 minutos\" \/>\n<script type=\"application\/ld+json\" class=\"yoast-schema-graph\">{\"@context\":\"https:\/\/schema.org\",\"@graph\":[{\"@type\":\"WebPage\",\"@id\":\"https:\/\/indestec.net\/es_mx\/benefits\/\",\"url\":\"https:\/\/indestec.net\/es_mx\/benefits\/\",\"name\":\"Benefits | Indestec\",\"isPartOf\":{\"@id\":\"https:\/\/indestec.net\/#website\"},\"datePublished\":\"2023-04-07T23:45:49+00:00\",\"dateModified\":\"2024-02-22T19:00:10+00:00\",\"breadcrumb\":{\"@id\":\"https:\/\/indestec.net\/es_mx\/benefits\/#breadcrumb\"},\"inLanguage\":\"es\",\"potentialAction\":[{\"@type\":\"ReadAction\",\"target\":[\"https:\/\/indestec.net\/es_mx\/benefits\/\"]}]},{\"@type\":\"BreadcrumbList\",\"@id\":\"https:\/\/indestec.net\/es_mx\/benefits\/#breadcrumb\",\"itemListElement\":[{\"@type\":\"ListItem\",\"position\":1,\"name\":\"Inicio\",\"item\":\"https:\/\/indestec.net\/\"},{\"@type\":\"ListItem\",\"position\":2,\"name\":\"Benefits\"}]},{\"@type\":\"WebSite\",\"@id\":\"https:\/\/indestec.net\/#website\",\"url\":\"https:\/\/indestec.net\/\",\"name\":\"INDESTEC\",\"description\":\"NUMBER ONE MANUFACTURER OF STATIC ELIMINATORS\",\"publisher\":{\"@id\":\"https:\/\/indestec.net\/#organization\"},\"alternateName\":\"Contamos con diferentes distribuidores alrededor del mundo.\",\"potentialAction\":[{\"@type\":\"SearchAction\",\"target\":{\"@type\":\"EntryPoint\",\"urlTemplate\":\"https:\/\/indestec.net\/?s={search_term_string}\"},\"query-input\":{\"@type\":\"PropertyValueSpecification\",\"valueRequired\":true,\"valueName\":\"search_term_string\"}}],\"inLanguage\":\"es\"},{\"@type\":\"Organization\",\"@id\":\"https:\/\/indestec.net\/#organization\",\"name\":\"INDESTEC\",\"url\":\"https:\/\/indestec.net\/\",\"logo\":{\"@type\":\"ImageObject\",\"inLanguage\":\"es\",\"@id\":\"https:\/\/indestec.net\/#\/schema\/logo\/image\/\",\"url\":\"https:\/\/indestec.net\/wp-content\/uploads\/2023\/04\/Logo-color-Azul-RGB.jpg\",\"contentUrl\":\"https:\/\/indestec.net\/wp-content\/uploads\/2023\/04\/Logo-color-Azul-RGB.jpg\",\"width\":1432,\"height\":199,\"caption\":\"INDESTEC\"},\"image\":{\"@id\":\"https:\/\/indestec.net\/#\/schema\/logo\/image\/\"}}]}<\/script>\n<!-- \/ Yoast SEO plugin. -->","yoast_head_json":{"title":"Benefits | Indestec","robots":{"index":"index","follow":"follow","max-snippet":"max-snippet:-1","max-image-preview":"max-image-preview:large","max-video-preview":"max-video-preview:-1"},"canonical":"https:\/\/indestec.net\/es_mx\/benefits\/","og_locale":"es_MX","og_type":"article","og_title":"Benefits | Indestec","og_description":"Our Benefits Nuestros Beneficios EFICIENCIA CALIDAD SEGURIDAD El EQUIPO ELIMINADOR DE EST\u00c1TICA INDESTEC\u2122 es una de las formas m\u00e1s efectivas de eliminar la est\u00e1tica en procesos continuos de fabricaci\u00f3n de textiles, pl\u00e1sticos, pel\u00edculas, papel, vidrio y otros materiales, donde la separaci\u00f3n-contacto y la fricci\u00f3n provocan acumulaci\u00f3n de cargas est\u00e1ticas en sus superficies. CONOCER M\u00c1S Beneficios [&hellip;]","og_url":"https:\/\/indestec.net\/es_mx\/benefits\/","og_site_name":"Indestec","article_modified_time":"2024-02-22T19:00:10+00:00","og_image":[{"width":1397,"height":710,"url":"https:\/\/indestec.net\/wp-content\/uploads\/2023\/04\/Clientes-clients-business-negocios-venta-internacional-importacion-exportacion-exportation-indestec-.jpg","type":"image\/jpeg"}],"twitter_card":"summary_large_image","twitter_misc":{"Tiempo de lectura":"2 minutos"},"schema":{"@context":"https:\/\/schema.org","@graph":[{"@type":"WebPage","@id":"https:\/\/indestec.net\/es_mx\/benefits\/","url":"https:\/\/indestec.net\/es_mx\/benefits\/","name":"Benefits | Indestec","isPartOf":{"@id":"https:\/\/indestec.net\/#website"},"datePublished":"2023-04-07T23:45:49+00:00","dateModified":"2024-02-22T19:00:10+00:00","breadcrumb":{"@id":"https:\/\/indestec.net\/es_mx\/benefits\/#breadcrumb"},"inLanguage":"es","potentialAction":[{"@type":"ReadAction","target":["https:\/\/indestec.net\/es_mx\/benefits\/"]}]},{"@type":"BreadcrumbList","@id":"https:\/\/indestec.net\/es_mx\/benefits\/#breadcrumb","itemListElement":[{"@type":"ListItem","position":1,"name":"Inicio","item":"https:\/\/indestec.net\/"},{"@type":"ListItem","position":2,"name":"Benefits"}]},{"@type":"WebSite","@id":"https:\/\/indestec.net\/#website","url":"https:\/\/indestec.net\/","name":"INDESTEC","description":"NUMBER ONE MANUFACTURER OF STATIC ELIMINATORS","publisher":{"@id":"https:\/\/indestec.net\/#organization"},"alternateName":"Contamos con diferentes distribuidores alrededor del mundo.","potentialAction":[{"@type":"SearchAction","target":{"@type":"EntryPoint","urlTemplate":"https:\/\/indestec.net\/?s={search_term_string}"},"query-input":{"@type":"PropertyValueSpecification","valueRequired":true,"valueName":"search_term_string"}}],"inLanguage":"es"},{"@type":"Organization","@id":"https:\/\/indestec.net\/#organization","name":"INDESTEC","url":"https:\/\/indestec.net\/","logo":{"@type":"ImageObject","inLanguage":"es","@id":"https:\/\/indestec.net\/#\/schema\/logo\/image\/","url":"https:\/\/indestec.net\/wp-content\/uploads\/2023\/04\/Logo-color-Azul-RGB.jpg","contentUrl":"https:\/\/indestec.net\/wp-content\/uploads\/2023\/04\/Logo-color-Azul-RGB.jpg","width":1432,"height":199,"caption":"INDESTEC"},"image":{"@id":"https:\/\/indestec.net\/#\/schema\/logo\/image\/"}}]}},"_links":{"self":[{"href":"https:\/\/indestec.net\/es_mx\/wp-json\/wp\/v2\/pages\/41","targetHints":{"allow":["GET"]}}],"collection":[{"href":"https:\/\/indestec.net\/es_mx\/wp-json\/wp\/v2\/pages"}],"about":[{"href":"https:\/\/indestec.net\/es_mx\/wp-json\/wp\/v2\/types\/page"}],"author":[{"embeddable":true,"href":"https:\/\/indestec.net\/es_mx\/wp-json\/wp\/v2\/users\/1"}],"replies":[{"embeddable":true,"href":"https:\/\/indestec.net\/es_mx\/wp-json\/wp\/v2\/comments?post=41"}],"version-history":[{"count":116,"href":"https:\/\/indestec.net\/es_mx\/wp-json\/wp\/v2\/pages\/41\/revisions"}],"predecessor-version":[{"id":5909,"href":"https:\/\/indestec.net\/es_mx\/wp-json\/wp\/v2\/pages\/41\/revisions\/5909"}],"wp:attachment":[{"href":"https:\/\/indestec.net\/es_mx\/wp-json\/wp\/v2\/media?parent=41"}],"curies":[{"name":"wp","href":"https:\/\/api.w.org\/{rel}","templated":true}]}}