{"id":38,"date":"2023-04-07T23:45:49","date_gmt":"2023-04-07T23:45:49","guid":{"rendered":"https:\/\/indestec.net\/be-part\/"},"modified":"2023-04-18T22:53:20","modified_gmt":"2023-04-18T22:53:20","slug":"be-part","status":"publish","type":"page","link":"https:\/\/indestec.net\/es_mx\/be-part\/","title":{"rendered":"Be part"},"content":{"rendered":"<div data-elementor-type=\"wp-page\" data-elementor-id=\"38\" class=\"elementor elementor-38\" data-elementor-post-type=\"page\">\n\t\t\t\t\t\t<section class=\"elementor-section elementor-top-section elementor-element elementor-element-77570cd elementor-section-boxed elementor-section-height-default elementor-section-height-default\" data-id=\"77570cd\" data-element_type=\"section\" data-settings=\"{&quot;background_background&quot;:&quot;classic&quot;}\">\n\t\t\t\t\t\t<div class=\"elementor-container elementor-column-gap-default\">\n\t\t\t\t\t<div class=\"elementor-column elementor-col-50 elementor-top-column elementor-element elementor-element-aee1a43\" data-id=\"aee1a43\" data-element_type=\"column\">\n\t\t\t<div class=\"elementor-widget-wrap elementor-element-populated\">\n\t\t\t\t\t\t<div class=\"elementor-element elementor-element-cac3f13 elementor-widget elementor-widget-image\" data-id=\"cac3f13\" data-element_type=\"widget\" data-widget_type=\"image.default\">\n\t\t\t\t<div class=\"elementor-widget-container\">\n\t\t\t\t\t\t\t\t\t\t\t\t\t\t\t<img fetchpriority=\"high\" decoding=\"async\" width=\"800\" height=\"476\" src=\"https:\/\/indestec.net\/wp-content\/uploads\/2023\/04\/shutterstock_245951755.jpg\" class=\"attachment-large size-large wp-image-75\" alt=\"\" srcset=\"https:\/\/indestec.net\/wp-content\/uploads\/2023\/04\/shutterstock_245951755.jpg 1000w, https:\/\/indestec.net\/wp-content\/uploads\/2023\/04\/shutterstock_245951755-300x179.jpg 300w, https:\/\/indestec.net\/wp-content\/uploads\/2023\/04\/shutterstock_245951755-768x457.jpg 768w\" sizes=\"(max-width: 800px) 100vw, 800px\" \/>\t\t\t\t\t\t\t\t\t\t\t\t\t\t\t<\/div>\n\t\t\t\t<\/div>\n\t\t\t\t\t<\/div>\n\t\t<\/div>\n\t\t\t\t<div class=\"elementor-column elementor-col-50 elementor-top-column elementor-element elementor-element-b5d130d\" data-id=\"b5d130d\" data-element_type=\"column\">\n\t\t\t<div class=\"elementor-widget-wrap elementor-element-populated\">\n\t\t\t\t\t\t<div class=\"elementor-element elementor-element-5c760b0 elementor-widget elementor-widget-text-editor\" data-id=\"5c760b0\" data-element_type=\"widget\" data-widget_type=\"text-editor.default\">\n\t\t\t\t<div class=\"elementor-widget-container\">\n\t\t\t\t\t<style>.elementor-element-5c760b0{display:none !important}<\/style>\t\t\t\t<\/div>\n\t\t\t\t<\/div>\n\t\t\t\t<div class=\"elementor-element elementor-element-a35d96c elementor-widget elementor-widget-text-editor\" data-id=\"a35d96c\" data-element_type=\"widget\" data-no-translation=\"\" data-widget_type=\"text-editor.default\">\n\t\t\t\t<div class=\"elementor-widget-container\">\n\t\t\t\t\t\t\t\t\t<p>Desde 1987, que fue nuestra primera venta, ha sido un largo camino para convertirnos en la empresa l\u00edder en la industria que somos hoy y reconocemos a las personas que han sido parte de nuestra historia dejando su huella en la empresa.<span class=\"Apple-converted-space\">\u00a0<\/span><\/p><p>Por eso apostamos por crecer junto a nuestro equipo de colaboradores, ofreciendo m\u00e1s que una experiencia laboral alrededor del mundo.<\/p>\t\t\t\t\t\t\t\t<\/div>\n\t\t\t\t<\/div>\n\t\t\t\t<div class=\"elementor-element elementor-element-a4b80b2 elementor-tablet-align-center elementor-align-center elementor-widget elementor-widget-button\" data-id=\"a4b80b2\" data-element_type=\"widget\" data-widget_type=\"button.default\">\n\t\t\t\t<div class=\"elementor-widget-container\">\n\t\t\t\t\t<style>.elementor-element-a4b80b2{display:none !important}<\/style>\t\t\t\t<\/div>\n\t\t\t\t<\/div>\n\t\t\t\t<div class=\"elementor-element elementor-element-15b0266b elementor-tablet-align-center elementor-align-center elementor-widget elementor-widget-button\" data-id=\"15b0266b\" data-element_type=\"widget\" data-no-translation=\"\" data-widget_type=\"button.default\">\n\t\t\t\t<div class=\"elementor-widget-container\">\n\t\t\t\t\t\t\t\t\t<div class=\"elementor-button-wrapper\">\n\t\t\t\t\t<a class=\"elementor-button elementor-button-link elementor-size-sm\" href=\"https:\/\/www.indestec.net\/es_mx\/contact\/\">\n\t\t\t\t\t\t<span class=\"elementor-button-content-wrapper\">\n\t\t\t\t\t\t\t\t\t<span class=\"elementor-button-text\">Conocer M\u00e1s<\/span>\n\t\t\t\t\t<\/span>\n\t\t\t\t\t<\/a>\n\t\t\t\t<\/div>\n\t\t\t\t\t\t\t\t<\/div>\n\t\t\t\t<\/div>\n\t\t\t\t\t<\/div>\n\t\t<\/div>\n\t\t\t\t\t<\/div>\n\t\t<\/section>\n\t\t\t\t<section class=\"elementor-section elementor-top-section elementor-element elementor-element-28844e7 elementor-section-boxed elementor-section-height-default elementor-section-height-default\" data-id=\"28844e7\" data-element_type=\"section\" data-settings=\"{&quot;background_background&quot;:&quot;classic&quot;}\">\n\t\t\t\t\t\t<div class=\"elementor-container elementor-column-gap-default\">\n\t\t\t\t\t<div class=\"elementor-column elementor-col-50 elementor-top-column elementor-element elementor-element-c450b59\" data-id=\"c450b59\" data-element_type=\"column\">\n\t\t\t<div class=\"elementor-widget-wrap elementor-element-populated\">\n\t\t\t\t\t\t<div class=\"elementor-element elementor-element-d9fac63 elementor-widget elementor-widget-image\" data-id=\"d9fac63\" data-element_type=\"widget\" data-widget_type=\"image.default\">\n\t\t\t\t<div class=\"elementor-widget-container\">\n\t\t\t\t\t\t\t\t\t\t\t\t\t\t\t<img decoding=\"async\" width=\"800\" height=\"534\" src=\"https:\/\/indestec.net\/wp-content\/uploads\/2023\/04\/shutterstock_188355185.jpeg\" class=\"attachment-large size-large wp-image-76\" alt=\"\" srcset=\"https:\/\/indestec.net\/wp-content\/uploads\/2023\/04\/shutterstock_188355185.jpeg 1000w, https:\/\/indestec.net\/wp-content\/uploads\/2023\/04\/shutterstock_188355185-300x200.jpeg 300w, https:\/\/indestec.net\/wp-content\/uploads\/2023\/04\/shutterstock_188355185-768x512.jpeg 768w\" sizes=\"(max-width: 800px) 100vw, 800px\" \/>\t\t\t\t\t\t\t\t\t\t\t\t\t\t\t<\/div>\n\t\t\t\t<\/div>\n\t\t\t\t\t<\/div>\n\t\t<\/div>\n\t\t\t\t<div class=\"elementor-column elementor-col-50 elementor-top-column elementor-element elementor-element-2c9e558\" data-id=\"2c9e558\" data-element_type=\"column\">\n\t\t\t<div class=\"elementor-widget-wrap elementor-element-populated\">\n\t\t\t\t\t\t<div class=\"elementor-element elementor-element-239fb8ae elementor-widget elementor-widget-text-editor\" data-id=\"239fb8ae\" data-element_type=\"widget\" data-widget_type=\"text-editor.default\">\n\t\t\t\t<div class=\"elementor-widget-container\">\n\t\t\t\t\t<style>.elementor-element-239fb8ae{display:none !important}<\/style>\t\t\t\t<\/div>\n\t\t\t\t<\/div>\n\t\t\t\t<div class=\"elementor-element elementor-element-58faef36 elementor-widget elementor-widget-text-editor\" data-id=\"58faef36\" data-element_type=\"widget\" data-no-translation=\"\" data-widget_type=\"text-editor.default\">\n\t\t\t\t<div class=\"elementor-widget-container\">\n\t\t\t\t\t\t\t\t\t<p>En INDESTEC tenemos proyectos para que los estudiantes puedan poner en pr\u00e1ctica los conocimientos adquiridos en su universidad y as\u00ed tener su primer acercamiento a la industria y los negocios.<\/p>\t\t\t\t\t\t\t\t<\/div>\n\t\t\t\t<\/div>\n\t\t\t\t<div class=\"elementor-element elementor-element-71c4bdb7 elementor-tablet-align-center elementor-align-center elementor-widget elementor-widget-button\" data-id=\"71c4bdb7\" data-element_type=\"widget\" data-widget_type=\"button.default\">\n\t\t\t\t<div class=\"elementor-widget-container\">\n\t\t\t\t\t<style>.elementor-element-71c4bdb7{display:none !important}<\/style>\t\t\t\t<\/div>\n\t\t\t\t<\/div>\n\t\t\t\t<div class=\"elementor-element elementor-element-1825d5fb elementor-tablet-align-center elementor-align-center elementor-widget elementor-widget-button\" data-id=\"1825d5fb\" data-element_type=\"widget\" data-no-translation=\"\" data-widget_type=\"button.default\">\n\t\t\t\t<div class=\"elementor-widget-container\">\n\t\t\t\t\t\t\t\t\t<div class=\"elementor-button-wrapper\">\n\t\t\t\t\t<a class=\"elementor-button elementor-button-link elementor-size-sm\" href=\"https:\/\/www.indestec.net\/es_mx\/contact\/\">\n\t\t\t\t\t\t<span class=\"elementor-button-content-wrapper\">\n\t\t\t\t\t\t\t\t\t<span class=\"elementor-button-text\">Conocer M\u00e1s<\/span>\n\t\t\t\t\t<\/span>\n\t\t\t\t\t<\/a>\n\t\t\t\t<\/div>\n\t\t\t\t\t\t\t\t<\/div>\n\t\t\t\t<\/div>\n\t\t\t\t\t<\/div>\n\t\t<\/div>\n\t\t\t\t\t<\/div>\n\t\t<\/section>\n\t\t\t\t<section class=\"elementor-section elementor-top-section elementor-element elementor-element-58fc2fac elementor-section-full_width elementor-section-height-min-height elementor-section-items-stretch elementor-section-height-default\" data-id=\"58fc2fac\" data-element_type=\"section\" data-settings=\"{&quot;background_background&quot;:&quot;classic&quot;}\">\n\t\t\t\t\t\t<div class=\"elementor-container elementor-column-gap-default\">\n\t\t\t\t\t<div class=\"elementor-column elementor-col-100 elementor-top-column elementor-element elementor-element-7a914292\" data-id=\"7a914292\" data-element_type=\"column\">\n\t\t\t<div class=\"elementor-widget-wrap elementor-element-populated\">\n\t\t\t\t\t\t<section class=\"elementor-section elementor-inner-section elementor-element elementor-element-f4b1f08 elementor-section-boxed elementor-section-height-default elementor-section-height-default\" data-id=\"f4b1f08\" data-element_type=\"section\">\n\t\t\t\t\t\t<div class=\"elementor-container elementor-column-gap-default\">\n\t\t\t\t\t<div class=\"elementor-column elementor-col-100 elementor-inner-column elementor-element elementor-element-14ddd8e5\" data-id=\"14ddd8e5\" data-element_type=\"column\">\n\t\t\t<div class=\"elementor-widget-wrap elementor-element-populated\">\n\t\t\t\t\t\t<div class=\"elementor-element elementor-element-419c0a63 elementor-widget elementor-widget-text-editor\" data-id=\"419c0a63\" data-element_type=\"widget\" data-widget_type=\"text-editor.default\">\n\t\t\t\t<div class=\"elementor-widget-container\">\n\t\t\t\t\t<style>.elementor-element-419c0a63{display:none !important}<\/style>\t\t\t\t<\/div>\n\t\t\t\t<\/div>\n\t\t\t\t<div class=\"elementor-element elementor-element-7f3034e2 elementor-widget elementor-widget-text-editor\" data-id=\"7f3034e2\" data-element_type=\"widget\" data-no-translation=\"\" data-widget_type=\"text-editor.default\">\n\t\t\t\t<div class=\"elementor-widget-container\">\n\t\t\t\t\t\t\t\t\t<p>Contamos con un centro de innovaci\u00f3n e investigaci\u00f3n donde trabajamos en el desarrollo, mejora y dise\u00f1o de nuestros productos.<\/p>\t\t\t\t\t\t\t\t<\/div>\n\t\t\t\t<\/div>\n\t\t\t\t<div class=\"elementor-element elementor-element-8ed421a elementor-widget elementor-widget-text-editor\" data-id=\"8ed421a\" data-element_type=\"widget\" data-widget_type=\"text-editor.default\">\n\t\t\t\t<div class=\"elementor-widget-container\">\n\t\t\t\t\t<style>.elementor-element-8ed421a{display:none !important}<\/style>\t\t\t\t<\/div>\n\t\t\t\t<\/div>\n\t\t\t\t<div class=\"elementor-element elementor-element-3bc06ed3 elementor-widget elementor-widget-text-editor\" data-id=\"3bc06ed3\" data-element_type=\"widget\" data-no-translation=\"\" data-widget_type=\"text-editor.default\">\n\t\t\t\t<div class=\"elementor-widget-container\">\n\t\t\t\t\t\t\t\t\t<p><strong>Desde la investigaci\u00f3n, el proceso de producci\u00f3n, hasta la entrega del producto, nos aseguramos de que la calidad sea nuestro sello de garant\u00eda y gracias a nuestra Red de Proveedores comprometidos con nuestro objetivo podemos lograrlo.<\/strong><\/p>\t\t\t\t\t\t\t\t<\/div>\n\t\t\t\t<\/div>\n\t\t\t\t<div class=\"elementor-element elementor-element-5c029bc0 elementor-widget elementor-widget-heading\" data-id=\"5c029bc0\" data-element_type=\"widget\" data-widget_type=\"heading.default\">\n\t\t\t\t<div class=\"elementor-widget-container\">\n\t\t\t\t\t<style>.elementor-element-5c029bc0{display:none !important}<\/style>\t\t\t\t<\/div>\n\t\t\t\t<\/div>\n\t\t\t\t<div class=\"elementor-element elementor-element-155a9fef elementor-widget elementor-widget-heading\" data-id=\"155a9fef\" data-element_type=\"widget\" data-no-translation=\"\" data-widget_type=\"heading.default\">\n\t\t\t\t<div class=\"elementor-widget-container\">\n\t\t\t\t\t<h2 class=\"elementor-heading-title elementor-size-default\">Proveedores<\/h2>\t\t\t\t<\/div>\n\t\t\t\t<\/div>\n\t\t\t\t<div class=\"elementor-element elementor-element-30d4c3f5 elementor-widget elementor-widget-text-editor\" data-id=\"30d4c3f5\" data-element_type=\"widget\" data-widget_type=\"text-editor.default\">\n\t\t\t\t<div class=\"elementor-widget-container\">\n\t\t\t\t\t<style>.elementor-element-30d4c3f5{display:none !important}<\/style>\t\t\t\t<\/div>\n\t\t\t\t<\/div>\n\t\t\t\t<div class=\"elementor-element elementor-element-11d5b910 elementor-widget elementor-widget-text-editor\" data-id=\"11d5b910\" data-element_type=\"widget\" data-no-translation=\"\" data-widget_type=\"text-editor.default\">\n\t\t\t\t<div class=\"elementor-widget-container\">\n\t\t\t\t\t\t\t\t\t<p>Por eso avanzamos junto con nuestros proveedores.<\/p><p>INDESTEC quiere el crecimiento de las empresas con las que colabora, para el desarrollo en conjunto y la satisfacci\u00f3n de sus clientes.<\/p>\t\t\t\t\t\t\t\t<\/div>\n\t\t\t\t<\/div>\n\t\t\t\t<div class=\"elementor-element elementor-element-316a7f87 elementor-align-center elementor-widget elementor-widget-button\" data-id=\"316a7f87\" data-element_type=\"widget\" data-widget_type=\"button.default\">\n\t\t\t\t<div class=\"elementor-widget-container\">\n\t\t\t\t\t<style>.elementor-element-316a7f87{display:none !important}<\/style>\t\t\t\t<\/div>\n\t\t\t\t<\/div>\n\t\t\t\t<div class=\"elementor-element elementor-element-56e6cfbf elementor-align-center elementor-widget elementor-widget-button\" data-id=\"56e6cfbf\" data-element_type=\"widget\" data-no-translation=\"\" data-widget_type=\"button.default\">\n\t\t\t\t<div class=\"elementor-widget-container\">\n\t\t\t\t\t\t\t\t\t<div class=\"elementor-button-wrapper\">\n\t\t\t\t\t<a class=\"elementor-button elementor-button-link elementor-size-sm\" href=\"https:\/\/www.indestec.net\/es_mx\/contact\/\">\n\t\t\t\t\t\t<span class=\"elementor-button-content-wrapper\">\n\t\t\t\t\t\t\t\t\t<span class=\"elementor-button-text\">Conocer M\u00e1s<\/span>\n\t\t\t\t\t<\/span>\n\t\t\t\t\t<\/a>\n\t\t\t\t<\/div>\n\t\t\t\t\t\t\t\t<\/div>\n\t\t\t\t<\/div>\n\t\t\t\t\t<\/div>\n\t\t<\/div>\n\t\t\t\t\t<\/div>\n\t\t<\/section>\n\t\t\t\t\t<\/div>\n\t\t<\/div>\n\t\t\t\t\t<\/div>\n\t\t<\/section>\n\t\t\t\t<\/div>","protected":false},"excerpt":{"rendered":"<p>Since 1987, which was our first sale, it has been a long way to become the industry leading company that we are today and we recognize the people who have been part of our history leaving their mark on the company. That is why we are committed to growing together with our team of collaborators, [&hellip;]<\/p>","protected":false},"author":1,"featured_media":0,"parent":0,"menu_order":0,"comment_status":"closed","ping_status":"closed","template":"elementor_header_footer","meta":{"footnotes":""},"class_list":["post-38","page","type-page","status-publish","hentry"],"yoast_head":"<!-- This site is optimized with the Yoast SEO plugin v27.2 - https:\/\/yoast.com\/product\/yoast-seo-wordpress\/ -->\n<title>Be part | Indestec<\/title>\n<meta name=\"robots\" content=\"index, follow, max-snippet:-1, max-image-preview:large, max-video-preview:-1\" \/>\n<link rel=\"canonical\" href=\"https:\/\/indestec.net\/es_mx\/be-part\/\" \/>\n<meta property=\"og:locale\" content=\"es_MX\" \/>\n<meta property=\"og:type\" content=\"article\" \/>\n<meta property=\"og:title\" content=\"Be part | Indestec\" \/>\n<meta property=\"og:description\" content=\"Since 1987, which was our first sale, it has been a long way to become the industry leading company that we are today and we recognize the people who have been part of our history leaving their mark on the company. That is why we are committed to growing together with our team of collaborators, [&hellip;]\" \/>\n<meta property=\"og:url\" content=\"https:\/\/indestec.net\/es_mx\/be-part\/\" \/>\n<meta property=\"og:site_name\" content=\"Indestec\" \/>\n<meta property=\"article:modified_time\" content=\"2023-04-18T22:53:20+00:00\" \/>\n<meta property=\"og:image\" content=\"https:\/\/indestec.net\/wp-content\/uploads\/2023\/04\/shutterstock_245951755.jpg\" \/>\n<meta name=\"twitter:card\" content=\"summary_large_image\" \/>\n<meta name=\"twitter:label1\" content=\"Tiempo de lectura\" \/>\n\t<meta name=\"twitter:data1\" content=\"3 minutos\" \/>\n<script type=\"application\/ld+json\" class=\"yoast-schema-graph\">{\"@context\":\"https:\/\/schema.org\",\"@graph\":[{\"@type\":\"WebPage\",\"@id\":\"https:\/\/indestec.net\/es_mx\/be-part\/\",\"url\":\"https:\/\/indestec.net\/es_mx\/be-part\/\",\"name\":\"Be part | Indestec\",\"isPartOf\":{\"@id\":\"https:\/\/indestec.net\/#website\"},\"primaryImageOfPage\":{\"@id\":\"https:\/\/indestec.net\/es_mx\/be-part\/#primaryimage\"},\"image\":{\"@id\":\"https:\/\/indestec.net\/es_mx\/be-part\/#primaryimage\"},\"thumbnailUrl\":\"https:\/\/indestec.net\/wp-content\/uploads\/2023\/04\/shutterstock_245951755.jpg\",\"datePublished\":\"2023-04-07T23:45:49+00:00\",\"dateModified\":\"2023-04-18T22:53:20+00:00\",\"breadcrumb\":{\"@id\":\"https:\/\/indestec.net\/es_mx\/be-part\/#breadcrumb\"},\"inLanguage\":\"es\",\"potentialAction\":[{\"@type\":\"ReadAction\",\"target\":[\"https:\/\/indestec.net\/es_mx\/be-part\/\"]}]},{\"@type\":\"ImageObject\",\"inLanguage\":\"es\",\"@id\":\"https:\/\/indestec.net\/es_mx\/be-part\/#primaryimage\",\"url\":\"https:\/\/indestec.net\/wp-content\/uploads\/2023\/04\/shutterstock_245951755.jpg\",\"contentUrl\":\"https:\/\/indestec.net\/wp-content\/uploads\/2023\/04\/shutterstock_245951755.jpg\"},{\"@type\":\"BreadcrumbList\",\"@id\":\"https:\/\/indestec.net\/es_mx\/be-part\/#breadcrumb\",\"itemListElement\":[{\"@type\":\"ListItem\",\"position\":1,\"name\":\"Inicio\",\"item\":\"https:\/\/indestec.net\/\"},{\"@type\":\"ListItem\",\"position\":2,\"name\":\"Be part\"}]},{\"@type\":\"WebSite\",\"@id\":\"https:\/\/indestec.net\/#website\",\"url\":\"https:\/\/indestec.net\/\",\"name\":\"INDESTEC\",\"description\":\"NUMBER ONE MANUFACTURER OF STATIC ELIMINATORS\",\"publisher\":{\"@id\":\"https:\/\/indestec.net\/#organization\"},\"alternateName\":\"Contamos con diferentes distribuidores alrededor del mundo.\",\"potentialAction\":[{\"@type\":\"SearchAction\",\"target\":{\"@type\":\"EntryPoint\",\"urlTemplate\":\"https:\/\/indestec.net\/?s={search_term_string}\"},\"query-input\":{\"@type\":\"PropertyValueSpecification\",\"valueRequired\":true,\"valueName\":\"search_term_string\"}}],\"inLanguage\":\"es\"},{\"@type\":\"Organization\",\"@id\":\"https:\/\/indestec.net\/#organization\",\"name\":\"INDESTEC\",\"url\":\"https:\/\/indestec.net\/\",\"logo\":{\"@type\":\"ImageObject\",\"inLanguage\":\"es\",\"@id\":\"https:\/\/indestec.net\/#\/schema\/logo\/image\/\",\"url\":\"https:\/\/indestec.net\/wp-content\/uploads\/2023\/04\/Logo-color-Azul-RGB.jpg\",\"contentUrl\":\"https:\/\/indestec.net\/wp-content\/uploads\/2023\/04\/Logo-color-Azul-RGB.jpg\",\"width\":1432,\"height\":199,\"caption\":\"INDESTEC\"},\"image\":{\"@id\":\"https:\/\/indestec.net\/#\/schema\/logo\/image\/\"}}]}<\/script>\n<!-- \/ Yoast SEO plugin. -->","yoast_head_json":{"title":"Be part | Indestec","robots":{"index":"index","follow":"follow","max-snippet":"max-snippet:-1","max-image-preview":"max-image-preview:large","max-video-preview":"max-video-preview:-1"},"canonical":"https:\/\/indestec.net\/es_mx\/be-part\/","og_locale":"es_MX","og_type":"article","og_title":"Be part | Indestec","og_description":"Since 1987, which was our first sale, it has been a long way to become the industry leading company that we are today and we recognize the people who have been part of our history leaving their mark on the company. That is why we are committed to growing together with our team of collaborators, [&hellip;]","og_url":"https:\/\/indestec.net\/es_mx\/be-part\/","og_site_name":"Indestec","article_modified_time":"2023-04-18T22:53:20+00:00","og_image":[{"url":"https:\/\/indestec.net\/wp-content\/uploads\/2023\/04\/shutterstock_245951755.jpg","type":"","width":"","height":""}],"twitter_card":"summary_large_image","twitter_misc":{"Tiempo de lectura":"3 minutos"},"schema":{"@context":"https:\/\/schema.org","@graph":[{"@type":"WebPage","@id":"https:\/\/indestec.net\/es_mx\/be-part\/","url":"https:\/\/indestec.net\/es_mx\/be-part\/","name":"Be part | Indestec","isPartOf":{"@id":"https:\/\/indestec.net\/#website"},"primaryImageOfPage":{"@id":"https:\/\/indestec.net\/es_mx\/be-part\/#primaryimage"},"image":{"@id":"https:\/\/indestec.net\/es_mx\/be-part\/#primaryimage"},"thumbnailUrl":"https:\/\/indestec.net\/wp-content\/uploads\/2023\/04\/shutterstock_245951755.jpg","datePublished":"2023-04-07T23:45:49+00:00","dateModified":"2023-04-18T22:53:20+00:00","breadcrumb":{"@id":"https:\/\/indestec.net\/es_mx\/be-part\/#breadcrumb"},"inLanguage":"es","potentialAction":[{"@type":"ReadAction","target":["https:\/\/indestec.net\/es_mx\/be-part\/"]}]},{"@type":"ImageObject","inLanguage":"es","@id":"https:\/\/indestec.net\/es_mx\/be-part\/#primaryimage","url":"https:\/\/indestec.net\/wp-content\/uploads\/2023\/04\/shutterstock_245951755.jpg","contentUrl":"https:\/\/indestec.net\/wp-content\/uploads\/2023\/04\/shutterstock_245951755.jpg"},{"@type":"BreadcrumbList","@id":"https:\/\/indestec.net\/es_mx\/be-part\/#breadcrumb","itemListElement":[{"@type":"ListItem","position":1,"name":"Inicio","item":"https:\/\/indestec.net\/"},{"@type":"ListItem","position":2,"name":"Be part"}]},{"@type":"WebSite","@id":"https:\/\/indestec.net\/#website","url":"https:\/\/indestec.net\/","name":"INDESTEC","description":"NUMBER ONE MANUFACTURER OF STATIC ELIMINATORS","publisher":{"@id":"https:\/\/indestec.net\/#organization"},"alternateName":"Contamos con diferentes distribuidores alrededor del mundo.","potentialAction":[{"@type":"SearchAction","target":{"@type":"EntryPoint","urlTemplate":"https:\/\/indestec.net\/?s={search_term_string}"},"query-input":{"@type":"PropertyValueSpecification","valueRequired":true,"valueName":"search_term_string"}}],"inLanguage":"es"},{"@type":"Organization","@id":"https:\/\/indestec.net\/#organization","name":"INDESTEC","url":"https:\/\/indestec.net\/","logo":{"@type":"ImageObject","inLanguage":"es","@id":"https:\/\/indestec.net\/#\/schema\/logo\/image\/","url":"https:\/\/indestec.net\/wp-content\/uploads\/2023\/04\/Logo-color-Azul-RGB.jpg","contentUrl":"https:\/\/indestec.net\/wp-content\/uploads\/2023\/04\/Logo-color-Azul-RGB.jpg","width":1432,"height":199,"caption":"INDESTEC"},"image":{"@id":"https:\/\/indestec.net\/#\/schema\/logo\/image\/"}}]}},"_links":{"self":[{"href":"https:\/\/indestec.net\/es_mx\/wp-json\/wp\/v2\/pages\/38","targetHints":{"allow":["GET"]}}],"collection":[{"href":"https:\/\/indestec.net\/es_mx\/wp-json\/wp\/v2\/pages"}],"about":[{"href":"https:\/\/indestec.net\/es_mx\/wp-json\/wp\/v2\/types\/page"}],"author":[{"embeddable":true,"href":"https:\/\/indestec.net\/es_mx\/wp-json\/wp\/v2\/users\/1"}],"replies":[{"embeddable":true,"href":"https:\/\/indestec.net\/es_mx\/wp-json\/wp\/v2\/comments?post=38"}],"version-history":[{"count":23,"href":"https:\/\/indestec.net\/es_mx\/wp-json\/wp\/v2\/pages\/38\/revisions"}],"predecessor-version":[{"id":5072,"href":"https:\/\/indestec.net\/es_mx\/wp-json\/wp\/v2\/pages\/38\/revisions\/5072"}],"wp:attachment":[{"href":"https:\/\/indestec.net\/es_mx\/wp-json\/wp\/v2\/media?parent=38"}],"curies":[{"name":"wp","href":"https:\/\/api.w.org\/{rel}","templated":true}]}}